{"id":18928,"date":"2024-11-03T21:17:53","date_gmt":"2024-11-03T19:17:53","guid":{"rendered":"https:\/\/www.mightysounds.cz\/vstupenky-boom\/"},"modified":"2025-08-26T13:16:51","modified_gmt":"2025-08-26T11:16:51","slug":"vstupenky-boom","status":"publish","type":"page","link":"https:\/\/www.mightysounds.cz\/en\/vstupenky-boom\/","title":{"rendered":"Vstupenky BOOM"},"content":{"rendered":"<p><!-- NOTE: add this in the <head> of the page --><br \/>\n<script src='https:\/\/connect.boomevents.org\/events\/v3\/widget.js'><\/script>\n<link rel='stylesheet' href='https:\/\/connect.boomevents.org\/events\/v3\/widget.css' \/>\n<script>\n  window.WIDGET_CONFIG = {\"organizerId\":\"42dbed07-2152-4e83-8115-f09e4db4be0b\",\"parentPageInitialUrl\":\"https:\/\/workspace.boomevents.org\/cs\/organizers\/42dbed07-2152-4e83-8115-f09e4db4be0b\/customization?eventId=01000000-d1fd-27c0-3af3-08dde47b801e\",\"theme\":{\"colors\":{\"dark\":[\"#C9C9C9\",\"#b8b8b8\",\"#828282\",\"#696969\",\"#424242\",\"#3b3b3b\",\"#2E2E2E\",\"#242424\",\"#1F1F1F\",\"#141414\"],\"gray\":[\"#062026\",\"#061F25\",\"#051C21\",\"#D3D3D3\",\"#B7B7B7\",\"#9B9B9B\",\"#7F7F7F\",\"#626262\",\"#474747\",\"#FFD8B5\"],\"red\":[\"#fff5f5\",\"#ffe3e3\",\"#ffc9c9\",\"#ffa8a8\",\"#ff8787\",\"#ff6b6b\",\"#fa5252\",\"#f03e3e\",\"#e03131\",\"#c92a2a\"],\"pink\":[\"#fff0f6\",\"#ffdeeb\",\"#fcc2d7\",\"#faa2c1\",\"#f783ac\",\"#f06595\",\"#e64980\",\"#d6336c\",\"#c2255c\",\"#a61e4d\"],\"grape\":[\"#f8f0fc\",\"#f3d9fa\",\"#eebefa\",\"#e599f7\",\"#da77f2\",\"#cc5de8\",\"#be4bdb\",\"#ae3ec9\",\"#9c36b5\",\"#862e9c\"],\"violet\":[\"#FFFFFF\",\"#F8D7B8\",\"#F5C496\",\"#F1B073\",\"#EE9D51\",\"#EA8A2F\",\"#DE7716\",\"#BC6513\",\"#9A520F\",\"#552E08\"],\"indigo\":[\"#edf2ff\",\"#dbe4ff\",\"#bac8ff\",\"#91a7ff\",\"#748ffc\",\"#5c7cfa\",\"#4c6ef5\",\"#4263eb\",\"#3b5bdb\",\"#364fc7\"],\"blue\":[\"#e7f5ff\",\"#d0ebff\",\"#a5d8ff\",\"#74c0fc\",\"#4dabf7\",\"#339af0\",\"#228be6\",\"#1c7ed6\",\"#1971c2\",\"#1864ab\"],\"cyan\":[\"#e3fafc\",\"#c5f6fa\",\"#99e9f2\",\"#66d9e8\",\"#3bc9db\",\"#22b8cf\",\"#15aabf\",\"#1098ad\",\"#0c8599\",\"#0b7285\"],\"teal\":[\"#e6fcf5\",\"#c3fae8\",\"#96f2d7\",\"#63e6be\",\"#38d9a9\",\"#20c997\",\"#12b886\",\"#0ca678\",\"#099268\",\"#087f5b\"],\"green\":[\"#ebfbee\",\"#d3f9d8\",\"#b2f2bb\",\"#8ce99a\",\"#69db7c\",\"#51cf66\",\"#40c057\",\"#37b24d\",\"#2f9e44\",\"#2b8a3e\"],\"lime\":[\"#f4fce3\",\"#e9fac8\",\"#d8f5a2\",\"#c0eb75\",\"#a9e34b\",\"#94d82d\",\"#82c91e\",\"#74b816\",\"#66a80f\",\"#5c940d\"],\"yellow\":[\"#fff9db\",\"#fff3bf\",\"#ffec99\",\"#ffe066\",\"#ffd43b\",\"#fcc419\",\"#fab005\",\"#f59f00\",\"#f08c00\",\"#e67700\"],\"orange\":[\"#FFF3EE\",\"#FFAC88\",\"#FF9466\",\"#FF7D44\",\"#FF6522\",\"#FF4D00\",\"#DD4300\",\"#BB3900\",\"#992e00\",\"#330F00\"]},\"fontFamily\":\"var(--font-poppins)\",\"radius\":{\"xs\":\"calc(0.25rem * var(--mantine-scale))\",\"sm\":\"calc(0.375rem * var(--mantine-scale))\",\"md\":\"calc(0.5rem * var(--mantine-scale))\",\"lg\":\"calc(1rem * var(--mantine-scale))\",\"xl\":\"calc(2rem * var(--mantine-scale))\"}},\"eventId\":\"01000000-d1fd-27c0-3af3-08dde47b801e\",\"eventUrl\":\"https:\/\/connect.boomevents.org\/en\/event\/01000000-d1fd-27c0-3af3-08dde47b801e\/widget\"};\n<\/script><\/p>\n<p><!--  NOTE: PLACE THIS \n\n<div> WHEREVER YOU WANT THE CHECKOUT WIDGET TO APPEAR --><\/p>\n<div class='sales-widget' data-config-property='WIDGET_CONFIG'><\/div>\n<div class=\"page-content tickets-wrap dark_shadow\" style=\"text-align: center;\">Z\u00e1kaznick\u00e1 podpora: po-p\u00e1 10-16, tickets@mightysounds.cz, 776 244 568<\/div>\n<div class=\"page-content tickets-wrap dark_shadow\" style=\"text-align: center;\"><strong>Ze Slovenska z d\u016fvodu vysok\u00fdch poplatk\u016f nep\u0159ij\u00edm\u00e1me platbu p\u0159evodem. Pros\u00edme, pokud nakupujete vstupenky ze Slovenska, pou\u017eijte platbu kartou. D\u011bkujeme.<a id=\"Vstupenky\"><\/a><\/strong><\/div>\n<div class=\"page-content tickets-wrap dark_shadow\" style=\"text-align: center;\"><strong>Please note that we do not offer payments via bank transfer for customers outside of the Czech Republic. Please, <a href=\"https:\/\/www.mightysounds.cz\/en\/vstupenky\/\">purchase your tickets<\/a> via credit card.\u00a0<\/strong><\/div>\n","protected":false},"excerpt":{"rendered":"<p>Z\u00e1kaznick\u00e1 podpora: po-p\u00e1 10-16, tickets@mightysounds.cz, 776 244 568 Ze Slovenska z d\u016fvodu vysok\u00fdch poplatk\u016f nep\u0159ij\u00edm\u00e1me platbu p\u0159evodem. Pros\u00edme, pokud nakupujete vstupenky ze Slovenska, pou\u017eijte platbu&#8230;<\/p>\n","protected":false},"author":1,"featured_media":0,"parent":0,"menu_order":0,"comment_status":"closed","ping_status":"closed","template":"page-ticket-boom.php","meta":{"footnotes":""},"class_list":["post-18928","page","type-page","status-publish","hentry"],"yoast_head":"<!-- This site is optimized with the Yoast SEO plugin v26.0 - https:\/\/yoast.com\/wordpress\/plugins\/seo\/ -->\n<title>Vstupenky BOOM | Mighty Sounds<\/title>\n<meta name=\"robots\" content=\"index, follow, max-snippet:-1, max-image-preview:large, max-video-preview:-1\" \/>\n<link rel=\"canonical\" href=\"https:\/\/www.mightysounds.cz\/en\/vstupenky-boom\/\" \/>\n<meta property=\"og:locale\" content=\"en_US\" \/>\n<meta property=\"og:type\" content=\"article\" \/>\n<meta property=\"og:title\" content=\"Vstupenky BOOM | Mighty Sounds\" \/>\n<meta property=\"og:description\" content=\"Z\u00e1kaznick\u00e1 podpora: po-p\u00e1 10-16, tickets@mightysounds.cz, 776 244 568 Ze Slovenska z d\u016fvodu vysok\u00fdch poplatk\u016f nep\u0159ij\u00edm\u00e1me platbu p\u0159evodem. Pros\u00edme, pokud nakupujete vstupenky ze Slovenska, pou\u017eijte platbu...\" \/>\n<meta property=\"og:url\" content=\"https:\/\/www.mightysounds.cz\/en\/vstupenky-boom\/\" \/>\n<meta property=\"og:site_name\" content=\"Mighty Sounds\" \/>\n<meta property=\"article:publisher\" content=\"https:\/\/www.facebook.com\/mightysounds\/\" \/>\n<meta property=\"article:modified_time\" content=\"2025-08-26T11:16:51+00:00\" \/>\n<meta property=\"og:image\" content=\"https:\/\/www.mightysounds.cz\/wp-content\/uploads\/2024\/08\/Web-zahlavi-provizorni-logo.png\" \/>\n\t<meta property=\"og:image:width\" content=\"452\" \/>\n\t<meta property=\"og:image:height\" content=\"257\" \/>\n\t<meta property=\"og:image:type\" content=\"image\/png\" \/>\n<meta name=\"twitter:card\" content=\"summary_large_image\" \/>\n<meta name=\"twitter:label1\" content=\"Est. reading time\" \/>\n\t<meta name=\"twitter:data1\" content=\"1 minute\" \/>\n<script type=\"application\/ld+json\" class=\"yoast-schema-graph\">{\"@context\":\"https:\/\/schema.org\",\"@graph\":[{\"@type\":\"WebPage\",\"@id\":\"https:\/\/www.mightysounds.cz\/en\/vstupenky-boom\/\",\"url\":\"https:\/\/www.mightysounds.cz\/en\/vstupenky-boom\/\",\"name\":\"Vstupenky BOOM | Mighty Sounds\",\"isPartOf\":{\"@id\":\"https:\/\/mightysounds.cz\/#website\"},\"datePublished\":\"2024-11-03T19:17:53+00:00\",\"dateModified\":\"2025-08-26T11:16:51+00:00\",\"inLanguage\":\"en-US\",\"potentialAction\":[{\"@type\":\"ReadAction\",\"target\":[\"https:\/\/www.mightysounds.cz\/en\/vstupenky-boom\/\"]}]},{\"@type\":\"WebSite\",\"@id\":\"https:\/\/mightysounds.cz\/#website\",\"url\":\"https:\/\/mightysounds.cz\/\",\"name\":\"Mighty Sounds\",\"description\":\"Premium selection of punk &amp; hardcore &amp; ska in the heart of Europe!\",\"publisher\":{\"@id\":\"https:\/\/mightysounds.cz\/#organization\"},\"potentialAction\":[{\"@type\":\"SearchAction\",\"target\":{\"@type\":\"EntryPoint\",\"urlTemplate\":\"https:\/\/mightysounds.cz\/?s={search_term_string}\"},\"query-input\":{\"@type\":\"PropertyValueSpecification\",\"valueRequired\":true,\"valueName\":\"search_term_string\"}}],\"inLanguage\":\"en-US\"},{\"@type\":\"Organization\",\"@id\":\"https:\/\/mightysounds.cz\/#organization\",\"name\":\"Mighty Sounds\",\"url\":\"https:\/\/mightysounds.cz\/\",\"logo\":{\"@type\":\"ImageObject\",\"inLanguage\":\"en-US\",\"@id\":\"https:\/\/mightysounds.cz\/#\/schema\/logo\/image\/\",\"url\":\"https:\/\/www.mightysounds.cz\/wp-content\/uploads\/2025\/08\/cropped-logo-2.png\",\"contentUrl\":\"https:\/\/www.mightysounds.cz\/wp-content\/uploads\/2025\/08\/cropped-logo-2.png\",\"width\":932,\"height\":571,\"caption\":\"Mighty Sounds\"},\"image\":{\"@id\":\"https:\/\/mightysounds.cz\/#\/schema\/logo\/image\/\"},\"sameAs\":[\"https:\/\/www.facebook.com\/mightysounds\/\"]}]}<\/script>\n<!-- \/ Yoast SEO plugin. -->","yoast_head_json":{"title":"Vstupenky BOOM | Mighty Sounds","robots":{"index":"index","follow":"follow","max-snippet":"max-snippet:-1","max-image-preview":"max-image-preview:large","max-video-preview":"max-video-preview:-1"},"canonical":"https:\/\/www.mightysounds.cz\/en\/vstupenky-boom\/","og_locale":"en_US","og_type":"article","og_title":"Vstupenky BOOM | Mighty Sounds","og_description":"Z\u00e1kaznick\u00e1 podpora: po-p\u00e1 10-16, tickets@mightysounds.cz, 776 244 568 Ze Slovenska z d\u016fvodu vysok\u00fdch poplatk\u016f nep\u0159ij\u00edm\u00e1me platbu p\u0159evodem. Pros\u00edme, pokud nakupujete vstupenky ze Slovenska, pou\u017eijte platbu...","og_url":"https:\/\/www.mightysounds.cz\/en\/vstupenky-boom\/","og_site_name":"Mighty Sounds","article_publisher":"https:\/\/www.facebook.com\/mightysounds\/","article_modified_time":"2025-08-26T11:16:51+00:00","og_image":[{"width":452,"height":257,"url":"https:\/\/www.mightysounds.cz\/wp-content\/uploads\/2024\/08\/Web-zahlavi-provizorni-logo.png","type":"image\/png"}],"twitter_card":"summary_large_image","twitter_misc":{"Est. reading time":"1 minute"},"schema":{"@context":"https:\/\/schema.org","@graph":[{"@type":"WebPage","@id":"https:\/\/www.mightysounds.cz\/en\/vstupenky-boom\/","url":"https:\/\/www.mightysounds.cz\/en\/vstupenky-boom\/","name":"Vstupenky BOOM | Mighty Sounds","isPartOf":{"@id":"https:\/\/mightysounds.cz\/#website"},"datePublished":"2024-11-03T19:17:53+00:00","dateModified":"2025-08-26T11:16:51+00:00","inLanguage":"en-US","potentialAction":[{"@type":"ReadAction","target":["https:\/\/www.mightysounds.cz\/en\/vstupenky-boom\/"]}]},{"@type":"WebSite","@id":"https:\/\/mightysounds.cz\/#website","url":"https:\/\/mightysounds.cz\/","name":"Mighty Sounds","description":"Premium selection of punk &amp; hardcore &amp; ska in the heart of Europe!","publisher":{"@id":"https:\/\/mightysounds.cz\/#organization"},"potentialAction":[{"@type":"SearchAction","target":{"@type":"EntryPoint","urlTemplate":"https:\/\/mightysounds.cz\/?s={search_term_string}"},"query-input":{"@type":"PropertyValueSpecification","valueRequired":true,"valueName":"search_term_string"}}],"inLanguage":"en-US"},{"@type":"Organization","@id":"https:\/\/mightysounds.cz\/#organization","name":"Mighty Sounds","url":"https:\/\/mightysounds.cz\/","logo":{"@type":"ImageObject","inLanguage":"en-US","@id":"https:\/\/mightysounds.cz\/#\/schema\/logo\/image\/","url":"https:\/\/www.mightysounds.cz\/wp-content\/uploads\/2025\/08\/cropped-logo-2.png","contentUrl":"https:\/\/www.mightysounds.cz\/wp-content\/uploads\/2025\/08\/cropped-logo-2.png","width":932,"height":571,"caption":"Mighty Sounds"},"image":{"@id":"https:\/\/mightysounds.cz\/#\/schema\/logo\/image\/"},"sameAs":["https:\/\/www.facebook.com\/mightysounds\/"]}]}},"_links":{"self":[{"href":"https:\/\/www.mightysounds.cz\/en\/wp-json\/wp\/v2\/pages\/18928","targetHints":{"allow":["GET"]}}],"collection":[{"href":"https:\/\/www.mightysounds.cz\/en\/wp-json\/wp\/v2\/pages"}],"about":[{"href":"https:\/\/www.mightysounds.cz\/en\/wp-json\/wp\/v2\/types\/page"}],"author":[{"embeddable":true,"href":"https:\/\/www.mightysounds.cz\/en\/wp-json\/wp\/v2\/users\/1"}],"replies":[{"embeddable":true,"href":"https:\/\/www.mightysounds.cz\/en\/wp-json\/wp\/v2\/comments?post=18928"}],"version-history":[{"count":3,"href":"https:\/\/www.mightysounds.cz\/en\/wp-json\/wp\/v2\/pages\/18928\/revisions"}],"predecessor-version":[{"id":20478,"href":"https:\/\/www.mightysounds.cz\/en\/wp-json\/wp\/v2\/pages\/18928\/revisions\/20478"}],"wp:attachment":[{"href":"https:\/\/www.mightysounds.cz\/en\/wp-json\/wp\/v2\/media?parent=18928"}],"curies":[{"name":"wp","href":"https:\/\/api.w.org\/{rel}","templated":true}]}}