{"id":2228,"date":"2017-02-14T09:39:23","date_gmt":"2017-02-14T08:39:23","guid":{"rendered":"https:\/\/www.mightysounds.cz\/kontakt\/"},"modified":"2026-03-27T17:28:53","modified_gmt":"2026-03-27T15:28:53","slug":"kontakt","status":"publish","type":"page","link":"https:\/\/www.mightysounds.cz\/de\/kontakt\/","title":{"rendered":"Kontakt"},"content":{"rendered":"<h6 style=\"text-align: center;\"><strong>MSFH 2010 s.r.o.<\/strong><br \/>\nSeifertova 571\/5<br \/>\n130 00\u00a0Prague<br \/>\nCzech Republic<br \/>\nVAT: CZ03955354<\/h6>\n<p>&nbsp;<\/p>\n<p>&nbsp;<\/p>\n<h2><strong>Presse und PR f\u00fcrs Ausland:<\/strong><\/h2>\n<p><strong>Global:<\/strong><\/p>\n<p>Mark\u00e9ta Broumov\u00e1: <span class=\"email\"><a href=\"#\" data-unscramble=\"zc.sdnuosythgim@atekram\">marketa@mightysounds.cz<\/a><\/span><\/p>\n<p>&nbsp;<\/p>\n<table style=\"width: 51.0332%;\">\n<tbody>\n<tr>\n<td style=\"width: 33.4443%;\"><img loading=\"lazy\" decoding=\"async\" class=\"wp-image-19783 aligncenter\" src=\"https:\/\/www.mightysounds.cz\/wp-content\/uploads\/2025\/04\/DSC_6558-Edit-683x1024.jpg\" alt=\"\" width=\"197\" height=\"296\" srcset=\"https:\/\/www.mightysounds.cz\/wp-content\/uploads\/2025\/04\/DSC_6558-Edit-683x1024.jpg 683w, https:\/\/www.mightysounds.cz\/wp-content\/uploads\/2025\/04\/DSC_6558-Edit-200x300.jpg 200w, https:\/\/www.mightysounds.cz\/wp-content\/uploads\/2025\/04\/DSC_6558-Edit-768x1152.jpg 768w, https:\/\/www.mightysounds.cz\/wp-content\/uploads\/2025\/04\/DSC_6558-Edit.jpg 800w\" sizes=\"auto, (max-width: 197px) 100vw, 197px\" \/><\/td>\n<td style=\"width: 65.0582%;\">\n<h2>Franti\u0161ek \u0160vadlena<\/h2>\n<p><strong>Project coordination<\/strong><\/p>\n<p>&nbsp;<\/p>\n<p><span class=\"email\"><strong>email<\/strong>: <a href=\"#\" data-unscramble=\"zc.sdnuosythgim@kesitnarf\">frantisek@mightysounds.cz<\/a><\/span><\/p>\n<p><span class=\"phone\"><strong>gsm<\/strong>: +420 777 200 258<\/span><\/td>\n<\/tr>\n<tr>\n<td style=\"width: 33.4443%;\"><img loading=\"lazy\" decoding=\"async\" class=\"wp-image-19786 aligncenter\" src=\"https:\/\/www.mightysounds.cz\/wp-content\/uploads\/2025\/04\/DSC_6003-Edit-683x1024.jpg\" alt=\"\" width=\"197\" height=\"295\" srcset=\"https:\/\/www.mightysounds.cz\/wp-content\/uploads\/2025\/04\/DSC_6003-Edit-683x1024.jpg 683w, https:\/\/www.mightysounds.cz\/wp-content\/uploads\/2025\/04\/DSC_6003-Edit-200x300.jpg 200w, https:\/\/www.mightysounds.cz\/wp-content\/uploads\/2025\/04\/DSC_6003-Edit-768x1152.jpg 768w, https:\/\/www.mightysounds.cz\/wp-content\/uploads\/2025\/04\/DSC_6003-Edit.jpg 800w\" sizes=\"auto, (max-width: 197px) 100vw, 197px\" \/><\/td>\n<td style=\"width: 65.0582%;\">\n<h2>Jakub Si\u0148or<\/h2>\n<p><strong>Booking<\/strong><\/p>\n<p>&nbsp;<\/p>\n<p><span class=\"email\"><strong>email<\/strong>: <a href=\"#\" data-unscramble=\"zc.snoitcudorpm@abuk\">kuba@mproductions.cz<\/a><\/span><\/p>\n<p><span class=\"phone\"><strong>gsm<\/strong>: +420 777 589 213<\/span><\/td>\n<\/tr>\n<tr>\n<td style=\"width: 33.4443%;\"><img loading=\"lazy\" decoding=\"async\" class=\"wp-image-19789 aligncenter\" src=\"https:\/\/www.mightysounds.cz\/wp-content\/uploads\/2025\/04\/DSC_5789-Edit-683x1024.jpg\" alt=\"\" width=\"195\" height=\"293\" srcset=\"https:\/\/www.mightysounds.cz\/wp-content\/uploads\/2025\/04\/DSC_5789-Edit-683x1024.jpg 683w, https:\/\/www.mightysounds.cz\/wp-content\/uploads\/2025\/04\/DSC_5789-Edit-200x300.jpg 200w, https:\/\/www.mightysounds.cz\/wp-content\/uploads\/2025\/04\/DSC_5789-Edit-768x1152.jpg 768w, https:\/\/www.mightysounds.cz\/wp-content\/uploads\/2025\/04\/DSC_5789-Edit.jpg 800w\" sizes=\"auto, (max-width: 195px) 100vw, 195px\" \/><\/td>\n<td style=\"width: 65.0582%;\">\n<h2>Miroslav Majer<\/h2>\n<p><strong>Technical production \/ Crew and volunteers<br \/>\nMerchandising<\/strong><\/p>\n<p>&nbsp;<\/p>\n<p><span class=\"email\"><strong>email<\/strong>: <a href=\"#\" data-unscramble=\"zc.sdnuosythgim@kerim\">mirek@mightysounds.cz<\/a><\/span><\/p>\n<p><span class=\"phone\"><strong>gsm<\/strong>: +420 721 083 330<\/span><\/td>\n<\/tr>\n<tr>\n<td style=\"width: 33.4443%;\"><img loading=\"lazy\" decoding=\"async\" class=\"wp-image-19792 aligncenter\" src=\"https:\/\/www.mightysounds.cz\/wp-content\/uploads\/2025\/04\/DSC_5386-Edit-683x1024.jpg\" alt=\"\" width=\"194\" height=\"290\" srcset=\"https:\/\/www.mightysounds.cz\/wp-content\/uploads\/2025\/04\/DSC_5386-Edit-683x1024.jpg 683w, https:\/\/www.mightysounds.cz\/wp-content\/uploads\/2025\/04\/DSC_5386-Edit-200x300.jpg 200w, https:\/\/www.mightysounds.cz\/wp-content\/uploads\/2025\/04\/DSC_5386-Edit-768x1152.jpg 768w, https:\/\/www.mightysounds.cz\/wp-content\/uploads\/2025\/04\/DSC_5386-Edit.jpg 800w\" sizes=\"auto, (max-width: 194px) 100vw, 194px\" \/><\/td>\n<td style=\"width: 65.0582%;\">\n<h2>Mark\u00e9ta Broumov\u00e1<\/h2>\n<p><strong>Ticketing \/Press<\/strong><\/p>\n<p>&nbsp;<\/p>\n<p><span class=\"email\"><strong>email<\/strong>: <a href=\"#\" data-unscramble=\"zc.sdnuosythgim@atekram\">marketa@mightysounds.cz<\/a><\/span><\/td>\n<\/tr>\n<tr>\n<td style=\"width: 33.4443%;\"><img loading=\"lazy\" decoding=\"async\" class=\"aligncenter wp-image-10531 \" src=\"https:\/\/mightysounds.cz\/wp-content\/uploads\/2017\/02\/holub.jpg\" alt=\"\" width=\"195\" height=\"249\" \/><\/td>\n<td style=\"width: 65.0582%;\">\n<h2>Vojt\u011bch Holub<\/h2>\n<p><strong>Production \/ Technical support<\/strong><\/p>\n<p>&nbsp;<\/p>\n<p><span class=\"email\"><strong>email<\/strong>: <a href=\"#\" data-unscramble=\"zc.snoitcudorpm@atjov\">vojta@mproductions.cz<\/a><\/span><\/p>\n<p><span class=\"phone\"><strong>gsm<\/strong>: +420 721 269 057<\/span><\/td>\n<\/tr>\n<tr>\n<td style=\"width: 33.4443%;\"><img loading=\"lazy\" decoding=\"async\" class=\"wp-image-19795 aligncenter\" src=\"https:\/\/www.mightysounds.cz\/wp-content\/uploads\/2025\/04\/DSC_5646-Edit-683x1024.jpg\" alt=\"\" width=\"196\" height=\"294\" srcset=\"https:\/\/www.mightysounds.cz\/wp-content\/uploads\/2025\/04\/DSC_5646-Edit-683x1024.jpg 683w, https:\/\/www.mightysounds.cz\/wp-content\/uploads\/2025\/04\/DSC_5646-Edit-200x300.jpg 200w, https:\/\/www.mightysounds.cz\/wp-content\/uploads\/2025\/04\/DSC_5646-Edit-768x1152.jpg 768w, https:\/\/www.mightysounds.cz\/wp-content\/uploads\/2025\/04\/DSC_5646-Edit.jpg 800w\" sizes=\"auto, (max-width: 196px) 100vw, 196px\" \/><\/td>\n<td style=\"width: 65.0582%;\">\n<h2>V\u00edt \u010cern\u00edk<\/h2>\n<p><strong>Online PR \/ Ticketing\u00a0<\/strong><\/p>\n<p>&nbsp;<\/p>\n<p><span class=\"email\"><strong>email<\/strong>: <a href=\"#\" data-unscramble=\"zc.sdnuosythgim@ketiv\">vitek@mightysounds.cz<\/a><\/span><\/p>\n<p><span class=\"phone\"><strong>gsm<\/strong>: +420 776 244 568<\/span><\/td>\n<\/tr>\n<tr>\n<td style=\"width: 33.4443%;\"><img loading=\"lazy\" decoding=\"async\" class=\"aligncenter wp-image-3793\" src=\"https:\/\/mightysounds.cz\/wp-content\/uploads\/2017\/02\/145-235x300.jpg\" alt=\"\" width=\"193\" height=\"246\" srcset=\"https:\/\/www.mightysounds.cz\/wp-content\/uploads\/2017\/02\/145-235x300.jpg 235w, https:\/\/www.mightysounds.cz\/wp-content\/uploads\/2017\/02\/145.jpg 392w\" sizes=\"auto, (max-width: 193px) 100vw, 193px\" \/><\/td>\n<td style=\"width: 65.0582%;\">\n<h2>Marek Vohral\u00edk<\/h2>\n<p><strong>Festival partnership \/ Commercial cooperation<\/strong><\/p>\n<p>&nbsp;<\/p>\n<p><span class=\"email\"><strong>email:<\/strong> <a href=\"#\" data-unscramble=\"zc.sdnuosythgim@keram\">marek@mightysounds.cz<\/a><\/span><\/p>\n<p><span class=\"phone\"><strong>gsm<\/strong>: +420 777 013 049<\/span><\/td>\n<\/tr>\n<tr>\n<td style=\"width: 33.4443%;\"><\/td>\n<td style=\"width: 65.0582%;\">&nbsp;<\/p>\n<h2>Kate\u0159ina Herkusov\u00e1<\/h2>\n<p><strong>Food and non-food vendors<\/strong><\/p>\n<p><a href=\"https:\/\/hub.nfctron.com\/login\">Registration HERE<\/a><\/p>\n<p><span class=\"email\"><strong>email<\/strong>: <a href=\"#\" data-unscramble=\"zc.sdnuosythgim@aniretak\" data-unscramble=\"zc.sdnuosythgim@aniretak\">katerina@mightysounds.cz<\/a><\/span><\/td>\n<\/tr>\n<tr>\n<td style=\"width: 33.4443%;\"><img loading=\"lazy\" decoding=\"async\" class=\"wp-image-19801 aligncenter\" src=\"https:\/\/www.mightysounds.cz\/wp-content\/uploads\/2025\/04\/DSC_5216-Edit-683x1024.jpg\" alt=\"\" width=\"196\" height=\"293\" srcset=\"https:\/\/www.mightysounds.cz\/wp-content\/uploads\/2025\/04\/DSC_5216-Edit-683x1024.jpg 683w, https:\/\/www.mightysounds.cz\/wp-content\/uploads\/2025\/04\/DSC_5216-Edit-200x300.jpg 200w, https:\/\/www.mightysounds.cz\/wp-content\/uploads\/2025\/04\/DSC_5216-Edit-768x1152.jpg 768w, https:\/\/www.mightysounds.cz\/wp-content\/uploads\/2025\/04\/DSC_5216-Edit.jpg 800w\" sizes=\"auto, (max-width: 196px) 100vw, 196px\" \/><\/td>\n<td style=\"width: 65.0582%;\">\n<h2>Alexandr Guha<\/h2>\n<p><strong>Theatre stage<\/strong><\/p>\n<p>&nbsp;<\/p>\n<p><span class=\"email\"><strong>email<\/strong>: <a href=\"#\" data-unscramble=\"moc.liamg@ahug.rdnaxela\">alexandr.guha@gmail.com<\/a><\/span><\/p>\n<p><span class=\"phone\"><strong>gsm<\/strong>: +420 777 169 888<\/span><\/td>\n<\/tr>\n<tr>\n<td style=\"width: 33.4443%;\"><img loading=\"lazy\" decoding=\"async\" class=\"wp-image-19798 aligncenter\" src=\"https:\/\/www.mightysounds.cz\/wp-content\/uploads\/2025\/04\/DSC_6299-Edit-683x1024.jpg\" alt=\"\" width=\"191\" height=\"287\" srcset=\"https:\/\/www.mightysounds.cz\/wp-content\/uploads\/2025\/04\/DSC_6299-Edit-683x1024.jpg 683w, https:\/\/www.mightysounds.cz\/wp-content\/uploads\/2025\/04\/DSC_6299-Edit-200x300.jpg 200w, https:\/\/www.mightysounds.cz\/wp-content\/uploads\/2025\/04\/DSC_6299-Edit-768x1152.jpg 768w, https:\/\/www.mightysounds.cz\/wp-content\/uploads\/2025\/04\/DSC_6299-Edit.jpg 800w\" sizes=\"auto, (max-width: 191px) 100vw, 191px\" \/><\/td>\n<td style=\"width: 65.0582%;\">&nbsp;<\/p>\n<p>&nbsp;<\/p>\n<h2>Vendula Paluchov\u00e1<\/h2>\n<p><strong>Advancing<\/strong><\/p>\n<p>&nbsp;<\/p>\n<p><span class=\"email\"><strong>email<\/strong>: <a href=\"#\" data-unscramble=\"zc.snoitcudorpm@pilif\">vendulka@yesno.cz\u00a0<\/a><\/span><\/p>\n<p><span class=\"phone\"><strong>gsm<\/strong>: +420 777 124 327<\/span><\/p>\n<p>&nbsp;<\/td>\n<\/tr>\n<tr>\n<td style=\"width: 33.4443%;\"><img loading=\"lazy\" decoding=\"async\" class=\"alignnone wp-image-19804 \" src=\"https:\/\/www.mightysounds.cz\/wp-content\/uploads\/2025\/04\/DSC_6704-Edit-683x1024.jpg\" alt=\"\" width=\"192\" height=\"288\" srcset=\"https:\/\/www.mightysounds.cz\/wp-content\/uploads\/2025\/04\/DSC_6704-Edit-683x1024.jpg 683w, https:\/\/www.mightysounds.cz\/wp-content\/uploads\/2025\/04\/DSC_6704-Edit-200x300.jpg 200w, https:\/\/www.mightysounds.cz\/wp-content\/uploads\/2025\/04\/DSC_6704-Edit-768x1152.jpg 768w, https:\/\/www.mightysounds.cz\/wp-content\/uploads\/2025\/04\/DSC_6704-Edit.jpg 800w\" sizes=\"auto, (max-width: 192px) 100vw, 192px\" \/><\/td>\n<td style=\"width: 65.0582%;\">\n<h2>Filip Vondr\u00e1\u0161ek<\/h2>\n<p><strong>Booking\u00a0 \/ Accompanying programme<\/strong><\/p>\n<p>&nbsp;<\/p>\n<p><span class=\"email\"><strong>email<\/strong>: <a href=\"#\" data-unscramble=\"zc.snoitcudorpm@pilif\">filip@mproductions.cz<\/a><\/span><\/p>\n<p><span class=\"phone\"><strong>gsm<\/strong>: +420 777 178 609<\/span><\/td>\n<\/tr>\n<\/tbody>\n<\/table>\n<p>&nbsp;<\/p>\n","protected":false},"excerpt":{"rendered":"<p>MSFH 2010 s.r.o. Seifertova 571\/5 130 00\u00a0Prague Czech Republic VAT: CZ03955354 &nbsp; &nbsp; Presse und PR f\u00fcrs Ausland: Global: Mark\u00e9ta Broumov\u00e1: marketa@mightysounds.cz &nbsp; Franti\u0161ek \u0160vadlena&#8230;<\/p>\n","protected":false},"author":1,"featured_media":0,"parent":0,"menu_order":0,"comment_status":"closed","ping_status":"closed","template":"","meta":{"footnotes":""},"class_list":["post-2228","page","type-page","status-publish","hentry"],"yoast_head":"<!-- This site is optimized with the Yoast SEO plugin v26.0 - https:\/\/yoast.com\/wordpress\/plugins\/seo\/ -->\n<title>Kontakt | Mighty Sounds<\/title>\n<meta name=\"robots\" content=\"index, follow, max-snippet:-1, max-image-preview:large, max-video-preview:-1\" \/>\n<link rel=\"canonical\" href=\"https:\/\/www.mightysounds.cz\/de\/kontakt\/\" \/>\n<meta property=\"og:locale\" content=\"de_DE\" \/>\n<meta property=\"og:type\" content=\"article\" \/>\n<meta property=\"og:title\" content=\"Kontakt | Mighty Sounds\" \/>\n<meta property=\"og:description\" content=\"MSFH 2010 s.r.o. Seifertova 571\/5 130 00\u00a0Prague Czech Republic VAT: CZ03955354 &nbsp; &nbsp; Presse und PR f\u00fcrs Ausland: Global: Mark\u00e9ta Broumov\u00e1: marketa@mightysounds.cz &nbsp; Franti\u0161ek \u0160vadlena...\" \/>\n<meta property=\"og:url\" content=\"https:\/\/www.mightysounds.cz\/de\/kontakt\/\" \/>\n<meta property=\"og:site_name\" content=\"Mighty Sounds\" \/>\n<meta property=\"article:publisher\" content=\"https:\/\/www.facebook.com\/mightysounds\/\" \/>\n<meta property=\"article:modified_time\" content=\"2026-03-27T15:28:53+00:00\" \/>\n<meta property=\"og:image\" content=\"https:\/\/www.mightysounds.cz\/wp-content\/uploads\/2025\/04\/DSC_6558-Edit.jpg\" \/>\n\t<meta property=\"og:image:width\" content=\"800\" \/>\n\t<meta property=\"og:image:height\" content=\"1200\" \/>\n\t<meta property=\"og:image:type\" content=\"image\/jpeg\" \/>\n<meta name=\"twitter:card\" content=\"summary_large_image\" \/>\n<meta name=\"twitter:label1\" content=\"Gesch\u00e4tzte Lesezeit\" \/>\n\t<meta name=\"twitter:data1\" content=\"3\u00a0Minuten\" \/>\n<script type=\"application\/ld+json\" class=\"yoast-schema-graph\">{\"@context\":\"https:\/\/schema.org\",\"@graph\":[{\"@type\":\"WebPage\",\"@id\":\"https:\/\/www.mightysounds.cz\/de\/kontakt\/\",\"url\":\"https:\/\/www.mightysounds.cz\/de\/kontakt\/\",\"name\":\"Kontakt | Mighty Sounds\",\"isPartOf\":{\"@id\":\"https:\/\/mightysounds.cz\/#website\"},\"primaryImageOfPage\":{\"@id\":\"https:\/\/www.mightysounds.cz\/de\/kontakt\/#primaryimage\"},\"image\":{\"@id\":\"https:\/\/www.mightysounds.cz\/de\/kontakt\/#primaryimage\"},\"thumbnailUrl\":\"https:\/\/www.mightysounds.cz\/wp-content\/uploads\/2025\/04\/DSC_6558-Edit-683x1024.jpg\",\"datePublished\":\"2017-02-14T08:39:23+00:00\",\"dateModified\":\"2026-03-27T15:28:53+00:00\",\"inLanguage\":\"de\",\"potentialAction\":[{\"@type\":\"ReadAction\",\"target\":[\"https:\/\/www.mightysounds.cz\/de\/kontakt\/\"]}]},{\"@type\":\"ImageObject\",\"inLanguage\":\"de\",\"@id\":\"https:\/\/www.mightysounds.cz\/de\/kontakt\/#primaryimage\",\"url\":\"https:\/\/www.mightysounds.cz\/wp-content\/uploads\/2025\/04\/DSC_6558-Edit-683x1024.jpg\",\"contentUrl\":\"https:\/\/www.mightysounds.cz\/wp-content\/uploads\/2025\/04\/DSC_6558-Edit-683x1024.jpg\"},{\"@type\":\"WebSite\",\"@id\":\"https:\/\/mightysounds.cz\/#website\",\"url\":\"https:\/\/mightysounds.cz\/\",\"name\":\"Mighty Sounds\",\"description\":\"Premium selection of punk &amp; hardcore &amp; ska in the heart of Europe!\",\"publisher\":{\"@id\":\"https:\/\/mightysounds.cz\/#organization\"},\"potentialAction\":[{\"@type\":\"SearchAction\",\"target\":{\"@type\":\"EntryPoint\",\"urlTemplate\":\"https:\/\/mightysounds.cz\/?s={search_term_string}\"},\"query-input\":{\"@type\":\"PropertyValueSpecification\",\"valueRequired\":true,\"valueName\":\"search_term_string\"}}],\"inLanguage\":\"de\"},{\"@type\":\"Organization\",\"@id\":\"https:\/\/mightysounds.cz\/#organization\",\"name\":\"Mighty Sounds\",\"url\":\"https:\/\/mightysounds.cz\/\",\"logo\":{\"@type\":\"ImageObject\",\"inLanguage\":\"de\",\"@id\":\"https:\/\/mightysounds.cz\/#\/schema\/logo\/image\/\",\"url\":\"https:\/\/www.mightysounds.cz\/wp-content\/uploads\/2025\/08\/cropped-logo-2.png\",\"contentUrl\":\"https:\/\/www.mightysounds.cz\/wp-content\/uploads\/2025\/08\/cropped-logo-2.png\",\"width\":932,\"height\":571,\"caption\":\"Mighty Sounds\"},\"image\":{\"@id\":\"https:\/\/mightysounds.cz\/#\/schema\/logo\/image\/\"},\"sameAs\":[\"https:\/\/www.facebook.com\/mightysounds\/\"]}]}<\/script>\n<!-- \/ Yoast SEO plugin. -->","yoast_head_json":{"title":"Kontakt | Mighty Sounds","robots":{"index":"index","follow":"follow","max-snippet":"max-snippet:-1","max-image-preview":"max-image-preview:large","max-video-preview":"max-video-preview:-1"},"canonical":"https:\/\/www.mightysounds.cz\/de\/kontakt\/","og_locale":"de_DE","og_type":"article","og_title":"Kontakt | Mighty Sounds","og_description":"MSFH 2010 s.r.o. Seifertova 571\/5 130 00\u00a0Prague Czech Republic VAT: CZ03955354 &nbsp; &nbsp; Presse und PR f\u00fcrs Ausland: Global: Mark\u00e9ta Broumov\u00e1: marketa@mightysounds.cz &nbsp; Franti\u0161ek \u0160vadlena...","og_url":"https:\/\/www.mightysounds.cz\/de\/kontakt\/","og_site_name":"Mighty Sounds","article_publisher":"https:\/\/www.facebook.com\/mightysounds\/","article_modified_time":"2026-03-27T15:28:53+00:00","og_image":[{"width":800,"height":1200,"url":"https:\/\/www.mightysounds.cz\/wp-content\/uploads\/2025\/04\/DSC_6558-Edit.jpg","type":"image\/jpeg"}],"twitter_card":"summary_large_image","twitter_misc":{"Gesch\u00e4tzte Lesezeit":"3\u00a0Minuten"},"schema":{"@context":"https:\/\/schema.org","@graph":[{"@type":"WebPage","@id":"https:\/\/www.mightysounds.cz\/de\/kontakt\/","url":"https:\/\/www.mightysounds.cz\/de\/kontakt\/","name":"Kontakt | Mighty Sounds","isPartOf":{"@id":"https:\/\/mightysounds.cz\/#website"},"primaryImageOfPage":{"@id":"https:\/\/www.mightysounds.cz\/de\/kontakt\/#primaryimage"},"image":{"@id":"https:\/\/www.mightysounds.cz\/de\/kontakt\/#primaryimage"},"thumbnailUrl":"https:\/\/www.mightysounds.cz\/wp-content\/uploads\/2025\/04\/DSC_6558-Edit-683x1024.jpg","datePublished":"2017-02-14T08:39:23+00:00","dateModified":"2026-03-27T15:28:53+00:00","inLanguage":"de","potentialAction":[{"@type":"ReadAction","target":["https:\/\/www.mightysounds.cz\/de\/kontakt\/"]}]},{"@type":"ImageObject","inLanguage":"de","@id":"https:\/\/www.mightysounds.cz\/de\/kontakt\/#primaryimage","url":"https:\/\/www.mightysounds.cz\/wp-content\/uploads\/2025\/04\/DSC_6558-Edit-683x1024.jpg","contentUrl":"https:\/\/www.mightysounds.cz\/wp-content\/uploads\/2025\/04\/DSC_6558-Edit-683x1024.jpg"},{"@type":"WebSite","@id":"https:\/\/mightysounds.cz\/#website","url":"https:\/\/mightysounds.cz\/","name":"Mighty Sounds","description":"Premium selection of punk &amp; hardcore &amp; ska in the heart of Europe!","publisher":{"@id":"https:\/\/mightysounds.cz\/#organization"},"potentialAction":[{"@type":"SearchAction","target":{"@type":"EntryPoint","urlTemplate":"https:\/\/mightysounds.cz\/?s={search_term_string}"},"query-input":{"@type":"PropertyValueSpecification","valueRequired":true,"valueName":"search_term_string"}}],"inLanguage":"de"},{"@type":"Organization","@id":"https:\/\/mightysounds.cz\/#organization","name":"Mighty Sounds","url":"https:\/\/mightysounds.cz\/","logo":{"@type":"ImageObject","inLanguage":"de","@id":"https:\/\/mightysounds.cz\/#\/schema\/logo\/image\/","url":"https:\/\/www.mightysounds.cz\/wp-content\/uploads\/2025\/08\/cropped-logo-2.png","contentUrl":"https:\/\/www.mightysounds.cz\/wp-content\/uploads\/2025\/08\/cropped-logo-2.png","width":932,"height":571,"caption":"Mighty Sounds"},"image":{"@id":"https:\/\/mightysounds.cz\/#\/schema\/logo\/image\/"},"sameAs":["https:\/\/www.facebook.com\/mightysounds\/"]}]}},"_links":{"self":[{"href":"https:\/\/www.mightysounds.cz\/de\/wp-json\/wp\/v2\/pages\/2228","targetHints":{"allow":["GET"]}}],"collection":[{"href":"https:\/\/www.mightysounds.cz\/de\/wp-json\/wp\/v2\/pages"}],"about":[{"href":"https:\/\/www.mightysounds.cz\/de\/wp-json\/wp\/v2\/types\/page"}],"author":[{"embeddable":true,"href":"https:\/\/www.mightysounds.cz\/de\/wp-json\/wp\/v2\/users\/1"}],"replies":[{"embeddable":true,"href":"https:\/\/www.mightysounds.cz\/de\/wp-json\/wp\/v2\/comments?post=2228"}],"version-history":[{"count":28,"href":"https:\/\/www.mightysounds.cz\/de\/wp-json\/wp\/v2\/pages\/2228\/revisions"}],"predecessor-version":[{"id":21244,"href":"https:\/\/www.mightysounds.cz\/de\/wp-json\/wp\/v2\/pages\/2228\/revisions\/21244"}],"wp:attachment":[{"href":"https:\/\/www.mightysounds.cz\/de\/wp-json\/wp\/v2\/media?parent=2228"}],"curies":[{"name":"wp","href":"https:\/\/api.w.org\/{rel}","templated":true}]}}