{"id":18896,"date":"2024-11-04T00:39:56","date_gmt":"2024-11-03T22:39:56","guid":{"rendered":"https:\/\/mightysounds.cz\/?page_id=18896"},"modified":"2025-08-26T13:53:08","modified_gmt":"2025-08-26T11:53:08","slug":"via-reservix","status":"publish","type":"page","link":"https:\/\/www.mightysounds.cz\/de\/via-reservix\/","title":{"rendered":"Via Reservix"},"content":{"rendered":"<p>&nbsp;<\/p>\n<p style=\"text-align: center;\"><strong>Die einfachste und benutzerfreundlichste M\u00f6glichkeit, Mighty Sounds 2026 Tickets zu kaufen, finden Sie unter folgendem Link: <a href=\"https:\/\/mightysounds.reservix.de\/events\">AD Ticket Webshop<\/a>. Au\u00dferdem k\u00f6nnen sie\u00a0 die \u00a0<a href=\"https:\/\/mightysounds.reservix.de\/events\">Webseite<\/a>\u00a0besuchen, oder Sie kaufen die Tickets herk\u00f6mmlicherweise in einer der\u00a0<a href=\"https:\/\/www.reservix.net\/zusammenarbeit\/vorverkaufsstellen\/\">2400 deutschen Kartenvorverkaufsstellen<\/a>.<\/strong><\/p>\n<p><a href=\"https:\/\/mightysounds.reservix.de\/events\"><img loading=\"lazy\" decoding=\"async\" class=\"aligncenter wp-image-18888 size-full\" src=\"https:\/\/www.mightysounds.cz\/wp-content\/uploads\/2024\/11\/csm_1-1_angepasst_Kopie_647ba90e37-e1730672079786.jpg\" alt=\"\" width=\"300\" height=\"127\" \/><\/a><\/p>\n","protected":false},"excerpt":{"rendered":"<p>&nbsp; Die einfachste und benutzerfreundlichste M\u00f6glichkeit, Mighty Sounds 2026 Tickets zu kaufen, finden Sie unter folgendem Link: AD Ticket Webshop. Au\u00dferdem k\u00f6nnen sie\u00a0 die \u00a0Webseite\u00a0besuchen,&#8230;<\/p>\n","protected":false},"author":1,"featured_media":0,"parent":0,"menu_order":0,"comment_status":"closed","ping_status":"closed","template":"page-ticket-other.php","meta":{"footnotes":""},"class_list":["post-18896","page","type-page","status-publish","hentry"],"yoast_head":"<!-- This site is optimized with the Yoast SEO plugin v26.0 - https:\/\/yoast.com\/wordpress\/plugins\/seo\/ -->\n<title>Via Reservix | Mighty Sounds<\/title>\n<meta name=\"robots\" content=\"index, follow, max-snippet:-1, max-image-preview:large, max-video-preview:-1\" \/>\n<link rel=\"canonical\" href=\"https:\/\/www.mightysounds.cz\/de\/via-reservix\/\" \/>\n<meta property=\"og:locale\" content=\"de_DE\" \/>\n<meta property=\"og:type\" content=\"article\" \/>\n<meta property=\"og:title\" content=\"Via Reservix | Mighty Sounds\" \/>\n<meta property=\"og:description\" content=\"&nbsp; Die einfachste und benutzerfreundlichste M\u00f6glichkeit, Mighty Sounds 2026 Tickets zu kaufen, finden Sie unter folgendem Link: AD Ticket Webshop. Au\u00dferdem k\u00f6nnen sie\u00a0 die \u00a0Webseite\u00a0besuchen,...\" \/>\n<meta property=\"og:url\" content=\"https:\/\/www.mightysounds.cz\/de\/via-reservix\/\" \/>\n<meta property=\"og:site_name\" content=\"Mighty Sounds\" \/>\n<meta property=\"article:publisher\" content=\"https:\/\/www.facebook.com\/mightysounds\/\" \/>\n<meta property=\"article:modified_time\" content=\"2025-08-26T11:53:08+00:00\" \/>\n<meta property=\"og:image\" content=\"https:\/\/www.mightysounds.cz\/wp-content\/uploads\/2024\/11\/csm_1-1_angepasst_Kopie_647ba90e37-e1730672079786.jpg\" \/>\n\t<meta property=\"og:image:width\" content=\"300\" \/>\n\t<meta property=\"og:image:height\" content=\"127\" \/>\n\t<meta property=\"og:image:type\" content=\"image\/jpeg\" \/>\n<meta name=\"twitter:card\" content=\"summary_large_image\" \/>\n<meta name=\"twitter:label1\" content=\"Gesch\u00e4tzte Lesezeit\" \/>\n\t<meta name=\"twitter:data1\" content=\"1\u00a0Minute\" \/>\n<script type=\"application\/ld+json\" class=\"yoast-schema-graph\">{\"@context\":\"https:\/\/schema.org\",\"@graph\":[{\"@type\":\"WebPage\",\"@id\":\"https:\/\/www.mightysounds.cz\/de\/via-reservix\/\",\"url\":\"https:\/\/www.mightysounds.cz\/de\/via-reservix\/\",\"name\":\"Via Reservix | Mighty Sounds\",\"isPartOf\":{\"@id\":\"https:\/\/mightysounds.cz\/#website\"},\"primaryImageOfPage\":{\"@id\":\"https:\/\/www.mightysounds.cz\/de\/via-reservix\/#primaryimage\"},\"image\":{\"@id\":\"https:\/\/www.mightysounds.cz\/de\/via-reservix\/#primaryimage\"},\"thumbnailUrl\":\"https:\/\/www.mightysounds.cz\/wp-content\/uploads\/2024\/11\/csm_1-1_angepasst_Kopie_647ba90e37-e1730672079786.jpg\",\"datePublished\":\"2024-11-03T22:39:56+00:00\",\"dateModified\":\"2025-08-26T11:53:08+00:00\",\"inLanguage\":\"de\",\"potentialAction\":[{\"@type\":\"ReadAction\",\"target\":[\"https:\/\/www.mightysounds.cz\/de\/via-reservix\/\"]}]},{\"@type\":\"ImageObject\",\"inLanguage\":\"de\",\"@id\":\"https:\/\/www.mightysounds.cz\/de\/via-reservix\/#primaryimage\",\"url\":\"https:\/\/www.mightysounds.cz\/wp-content\/uploads\/2024\/11\/csm_1-1_angepasst_Kopie_647ba90e37-e1730672079786.jpg\",\"contentUrl\":\"https:\/\/www.mightysounds.cz\/wp-content\/uploads\/2024\/11\/csm_1-1_angepasst_Kopie_647ba90e37-e1730672079786.jpg\"},{\"@type\":\"WebSite\",\"@id\":\"https:\/\/mightysounds.cz\/#website\",\"url\":\"https:\/\/mightysounds.cz\/\",\"name\":\"Mighty Sounds\",\"description\":\"Premium selection of punk &amp; hardcore &amp; ska in the heart of Europe!\",\"publisher\":{\"@id\":\"https:\/\/mightysounds.cz\/#organization\"},\"potentialAction\":[{\"@type\":\"SearchAction\",\"target\":{\"@type\":\"EntryPoint\",\"urlTemplate\":\"https:\/\/mightysounds.cz\/?s={search_term_string}\"},\"query-input\":{\"@type\":\"PropertyValueSpecification\",\"valueRequired\":true,\"valueName\":\"search_term_string\"}}],\"inLanguage\":\"de\"},{\"@type\":\"Organization\",\"@id\":\"https:\/\/mightysounds.cz\/#organization\",\"name\":\"Mighty Sounds\",\"url\":\"https:\/\/mightysounds.cz\/\",\"logo\":{\"@type\":\"ImageObject\",\"inLanguage\":\"de\",\"@id\":\"https:\/\/mightysounds.cz\/#\/schema\/logo\/image\/\",\"url\":\"https:\/\/www.mightysounds.cz\/wp-content\/uploads\/2025\/08\/cropped-logo-2.png\",\"contentUrl\":\"https:\/\/www.mightysounds.cz\/wp-content\/uploads\/2025\/08\/cropped-logo-2.png\",\"width\":932,\"height\":571,\"caption\":\"Mighty Sounds\"},\"image\":{\"@id\":\"https:\/\/mightysounds.cz\/#\/schema\/logo\/image\/\"},\"sameAs\":[\"https:\/\/www.facebook.com\/mightysounds\/\"]}]}<\/script>\n<!-- \/ Yoast SEO plugin. -->","yoast_head_json":{"title":"Via Reservix | Mighty Sounds","robots":{"index":"index","follow":"follow","max-snippet":"max-snippet:-1","max-image-preview":"max-image-preview:large","max-video-preview":"max-video-preview:-1"},"canonical":"https:\/\/www.mightysounds.cz\/de\/via-reservix\/","og_locale":"de_DE","og_type":"article","og_title":"Via Reservix | Mighty Sounds","og_description":"&nbsp; Die einfachste und benutzerfreundlichste M\u00f6glichkeit, Mighty Sounds 2026 Tickets zu kaufen, finden Sie unter folgendem Link: AD Ticket Webshop. Au\u00dferdem k\u00f6nnen sie\u00a0 die \u00a0Webseite\u00a0besuchen,...","og_url":"https:\/\/www.mightysounds.cz\/de\/via-reservix\/","og_site_name":"Mighty Sounds","article_publisher":"https:\/\/www.facebook.com\/mightysounds\/","article_modified_time":"2025-08-26T11:53:08+00:00","og_image":[{"width":300,"height":127,"url":"https:\/\/www.mightysounds.cz\/wp-content\/uploads\/2024\/11\/csm_1-1_angepasst_Kopie_647ba90e37-e1730672079786.jpg","type":"image\/jpeg"}],"twitter_card":"summary_large_image","twitter_misc":{"Gesch\u00e4tzte Lesezeit":"1\u00a0Minute"},"schema":{"@context":"https:\/\/schema.org","@graph":[{"@type":"WebPage","@id":"https:\/\/www.mightysounds.cz\/de\/via-reservix\/","url":"https:\/\/www.mightysounds.cz\/de\/via-reservix\/","name":"Via Reservix | Mighty Sounds","isPartOf":{"@id":"https:\/\/mightysounds.cz\/#website"},"primaryImageOfPage":{"@id":"https:\/\/www.mightysounds.cz\/de\/via-reservix\/#primaryimage"},"image":{"@id":"https:\/\/www.mightysounds.cz\/de\/via-reservix\/#primaryimage"},"thumbnailUrl":"https:\/\/www.mightysounds.cz\/wp-content\/uploads\/2024\/11\/csm_1-1_angepasst_Kopie_647ba90e37-e1730672079786.jpg","datePublished":"2024-11-03T22:39:56+00:00","dateModified":"2025-08-26T11:53:08+00:00","inLanguage":"de","potentialAction":[{"@type":"ReadAction","target":["https:\/\/www.mightysounds.cz\/de\/via-reservix\/"]}]},{"@type":"ImageObject","inLanguage":"de","@id":"https:\/\/www.mightysounds.cz\/de\/via-reservix\/#primaryimage","url":"https:\/\/www.mightysounds.cz\/wp-content\/uploads\/2024\/11\/csm_1-1_angepasst_Kopie_647ba90e37-e1730672079786.jpg","contentUrl":"https:\/\/www.mightysounds.cz\/wp-content\/uploads\/2024\/11\/csm_1-1_angepasst_Kopie_647ba90e37-e1730672079786.jpg"},{"@type":"WebSite","@id":"https:\/\/mightysounds.cz\/#website","url":"https:\/\/mightysounds.cz\/","name":"Mighty Sounds","description":"Premium selection of punk &amp; hardcore &amp; ska in the heart of Europe!","publisher":{"@id":"https:\/\/mightysounds.cz\/#organization"},"potentialAction":[{"@type":"SearchAction","target":{"@type":"EntryPoint","urlTemplate":"https:\/\/mightysounds.cz\/?s={search_term_string}"},"query-input":{"@type":"PropertyValueSpecification","valueRequired":true,"valueName":"search_term_string"}}],"inLanguage":"de"},{"@type":"Organization","@id":"https:\/\/mightysounds.cz\/#organization","name":"Mighty Sounds","url":"https:\/\/mightysounds.cz\/","logo":{"@type":"ImageObject","inLanguage":"de","@id":"https:\/\/mightysounds.cz\/#\/schema\/logo\/image\/","url":"https:\/\/www.mightysounds.cz\/wp-content\/uploads\/2025\/08\/cropped-logo-2.png","contentUrl":"https:\/\/www.mightysounds.cz\/wp-content\/uploads\/2025\/08\/cropped-logo-2.png","width":932,"height":571,"caption":"Mighty Sounds"},"image":{"@id":"https:\/\/mightysounds.cz\/#\/schema\/logo\/image\/"},"sameAs":["https:\/\/www.facebook.com\/mightysounds\/"]}]}},"_links":{"self":[{"href":"https:\/\/www.mightysounds.cz\/de\/wp-json\/wp\/v2\/pages\/18896","targetHints":{"allow":["GET"]}}],"collection":[{"href":"https:\/\/www.mightysounds.cz\/de\/wp-json\/wp\/v2\/pages"}],"about":[{"href":"https:\/\/www.mightysounds.cz\/de\/wp-json\/wp\/v2\/types\/page"}],"author":[{"embeddable":true,"href":"https:\/\/www.mightysounds.cz\/de\/wp-json\/wp\/v2\/users\/1"}],"replies":[{"embeddable":true,"href":"https:\/\/www.mightysounds.cz\/de\/wp-json\/wp\/v2\/comments?post=18896"}],"version-history":[{"count":5,"href":"https:\/\/www.mightysounds.cz\/de\/wp-json\/wp\/v2\/pages\/18896\/revisions"}],"predecessor-version":[{"id":20481,"href":"https:\/\/www.mightysounds.cz\/de\/wp-json\/wp\/v2\/pages\/18896\/revisions\/20481"}],"wp:attachment":[{"href":"https:\/\/www.mightysounds.cz\/de\/wp-json\/wp\/v2\/media?parent=18896"}],"curies":[{"name":"wp","href":"https:\/\/api.w.org\/{rel}","templated":true}]}}