{"id":17111,"date":"2023-05-22T09:17:41","date_gmt":"2023-05-22T07:17:41","guid":{"rendered":"https:\/\/www.mightysounds.cz\/?page_id=17111"},"modified":"2023-09-20T15:47:32","modified_gmt":"2023-09-20T13:47:32","slug":"cashless","status":"publish","type":"page","link":"https:\/\/www.mightysounds.cz\/de\/cashless\/","title":{"rendered":"Cashless"},"content":{"rendered":"<p>Das Mighty Sounds Festival wird auch dieses Jahr wieder bargeldlos sein. Lassen Sie ihr Portemonnaie zu Hause, s\u00e4mtliche Bezahlvorg\u00e4nge laufen auf unserer Veranstaltung per NFC-Chip ab! Wir benutzen diesmal das schnellste Bezahlsystem von NFCtron. Kartenzahlung ist nur noch an der Kasse, auf dem Parkplatz, am Eingang zum Zeltplatz (nur beim Kauf eines Camping-Autorisierungsbandes) und im Merch-Zelt m\u00f6glich. Alles andere kann nur noch per vorgeladenem Chip an den einzelnen H\u00e4ndlerstandorten erworben werden.<\/p>\n<p>Laden Sie ihr Guthaben schon vor der Veranstaltung online auf, bezahlen Sie kontaktlos an den Verkaufsstellen und verfolgen Sie ihre Ausgaben ganz einfach online! Wer nicht alles ausgibt, verliert sein Guthaben nicht. Sie k\u00f6nnen ihr Restguthaben bis zu 14 Tage nach Ende der Veranstaltung kostenlos zur\u00fcckfordern.<\/p>\n<p><strong>Im Onlinesystem kann Guthaben nur vor der Veranstaltung aufgeladen werden.<\/strong><\/p>\n<p>F\u00fcr einen noch besseren \u00dcberblick empfehlen wir die <a href=\"https:\/\/lnk.bio\/nfctron\">NFCtron Mobile App f\u00fcr Android oder iOS<\/a>. Nach Einlesen des Chips per NFC-Technologie sehen Sie \u00fcbersichtlich ihre bisherigen Eink\u00e4ufe und das aktuelle Guthaben. Au\u00dferdem k\u00f6nnen Sie hier ihre Eink\u00e4ufe bewerten, sich \u00fcber einzelne Bestellungen benachrichtigen lassen und nach der Veranstaltung das Restguthaben bequem auf ihr Bankkonto \u00fcberweisen lassen.<\/p>\n<p><a href=\"https:\/\/lnk.bio\/nfctron\"><img loading=\"lazy\" decoding=\"async\" class=\"alignnone wp-image-17113\" src=\"https:\/\/www.mightysounds.cz\/wp-content\/uploads\/2023\/05\/aplikace-NFCtron-683x1024.jpg\" alt=\"\" width=\"329\" height=\"493\" srcset=\"https:\/\/www.mightysounds.cz\/wp-content\/uploads\/2023\/05\/aplikace-NFCtron-683x1024.jpg 683w, https:\/\/www.mightysounds.cz\/wp-content\/uploads\/2023\/05\/aplikace-NFCtron-200x300.jpg 200w, https:\/\/www.mightysounds.cz\/wp-content\/uploads\/2023\/05\/aplikace-NFCtron-768x1152.jpg 768w, https:\/\/www.mightysounds.cz\/wp-content\/uploads\/2023\/05\/aplikace-NFCtron-600x900.jpg 600w, https:\/\/www.mightysounds.cz\/wp-content\/uploads\/2023\/05\/aplikace-NFCtron-1024x1536.jpg 1024w, https:\/\/www.mightysounds.cz\/wp-content\/uploads\/2023\/05\/aplikace-NFCtron-1365x2048.jpg 1365w, https:\/\/www.mightysounds.cz\/wp-content\/uploads\/2023\/05\/aplikace-NFCtron-1320x1980.jpg 1320w, https:\/\/www.mightysounds.cz\/wp-content\/uploads\/2023\/05\/aplikace-NFCtron-scaled.jpg 1707w\" sizes=\"auto, (max-width: 329px) 100vw, 329px\" \/><\/a><\/p>\n<h2>WOZU GUTHABEN VORHER ONLINE AUFLADEN?<\/h2>\n<p><strong>KOSTENLOSE ONLINE-AUFLADUNG:<\/strong><\/p>\n<ul>\n<li>Laden Sie Ihr Guthaben online und kostenlos \u00fcber NFCtron auf und vermeiden Sie so l\u00e4stige Warteschlangen.<\/li>\n<li>Das kostet Sie nichts extra.<\/li>\n<li>Sie erhalten Ihr Chip-Armband direkt vor Ort, nachdem Sie den QR-Code Ihres Tickets, den Sie in Ihrem NFCtron-Profil finden, \u00fcbermittelt haben.<\/li>\n<li>Laden Sie Ihr Guthaben HIER auf.<\/li>\n<\/ul>\n<p><strong>GUTHABEN AM VERANSTALTUNGSORT AUFLADEN:<\/strong><\/p>\n<ul>\n<li>Aufladen mit Bargeld oder Karte an einer ausgewiesenen Aufladestelle.<\/li>\n<li><strong>Die Aktivierungsgeb\u00fchr f\u00fcr die erste Aufladung betr\u00e4gt 30 CZK.<\/strong><\/li>\n<\/ul>\n<p>Sie erhalten ein Informationsblatt mit einem Link und einem QR-Code, den Sie sorgf\u00e4ltig aufbewahren, um Ihr Guthaben jederzeit \u00fcberpr\u00fcfen zu k\u00f6nnen und nach Veranstaltungsende ihr Restguthaben ausbezahlt zu bekommen.<\/p>\n<p><img loading=\"lazy\" decoding=\"async\" class=\"wp-image-17093 alignnone\" src=\"https:\/\/www.mightysounds.cz\/wp-content\/uploads\/2023\/05\/NFCtron2-1024x683.jpg\" alt=\"\" width=\"559\" height=\"373\" srcset=\"https:\/\/www.mightysounds.cz\/wp-content\/uploads\/2023\/05\/NFCtron2-1024x683.jpg 1024w, https:\/\/www.mightysounds.cz\/wp-content\/uploads\/2023\/05\/NFCtron2-300x200.jpg 300w, https:\/\/www.mightysounds.cz\/wp-content\/uploads\/2023\/05\/NFCtron2-768x512.jpg 768w, https:\/\/www.mightysounds.cz\/wp-content\/uploads\/2023\/05\/NFCtron2-600x400.jpg 600w, https:\/\/www.mightysounds.cz\/wp-content\/uploads\/2023\/05\/NFCtron2-1536x1024.jpg 1536w, https:\/\/www.mightysounds.cz\/wp-content\/uploads\/2023\/05\/NFCtron2-2048x1365.jpg 2048w, https:\/\/www.mightysounds.cz\/wp-content\/uploads\/2023\/05\/NFCtron2-1320x880.jpg 1320w\" sizes=\"auto, (max-width: 559px) 100vw, 559px\" \/><\/p>\n<h2>H\u00c4UFIGE FRAGEN<\/h2>\n<p><strong>WIE KANN ICH MEIN GUTHABEN ABFRAGEN?<\/strong><\/p>\n<p>Nach jeder Bestellung zeigt Ihnen der Verk\u00e4ufer ihr Restguthaben. Sie k\u00f6nnen Ihr Guthaben auch \u00fcber die NFCtron-Mobil-App ermitteln, indem Sie einfach den Chip Einlesen. Oder Sie scannen den QR-Code auf dem Informationsblatt, das Sie erhalten, wenn Sie ihr Guthaben zum ersten Mal erst am Veranstaltungsort aufladen.<\/p>\n<p><img loading=\"lazy\" decoding=\"async\" class=\"alignnone wp-image-17090\" src=\"https:\/\/www.mightysounds.cz\/wp-content\/uploads\/2023\/05\/NFCtron1-683x1024.jpg\" alt=\"\" width=\"319\" height=\"478\" srcset=\"https:\/\/www.mightysounds.cz\/wp-content\/uploads\/2023\/05\/NFCtron1-683x1024.jpg 683w, https:\/\/www.mightysounds.cz\/wp-content\/uploads\/2023\/05\/NFCtron1-200x300.jpg 200w, https:\/\/www.mightysounds.cz\/wp-content\/uploads\/2023\/05\/NFCtron1-768x1152.jpg 768w, https:\/\/www.mightysounds.cz\/wp-content\/uploads\/2023\/05\/NFCtron1-600x900.jpg 600w, https:\/\/www.mightysounds.cz\/wp-content\/uploads\/2023\/05\/NFCtron1-1024x1536.jpg 1024w, https:\/\/www.mightysounds.cz\/wp-content\/uploads\/2023\/05\/NFCtron1-1365x2048.jpg 1365w, https:\/\/www.mightysounds.cz\/wp-content\/uploads\/2023\/05\/NFCtron1-1320x1980.jpg 1320w, https:\/\/www.mightysounds.cz\/wp-content\/uploads\/2023\/05\/NFCtron1-scaled.jpg 1707w\" sizes=\"auto, (max-width: 319px) 100vw, 319px\" \/><\/p>\n<h3>ICH HABE NOCH GUTHABEN VON DER VERANSTALTUNG \u00dcBRIG, WIE KANN ICH ES ZUR\u00dcCKBEKOMMEN?<\/h3>\n<p>Die R\u00fcckerstattung des Guthabens ist kostenlos und unbegrenzt f\u00fcr Konten in CZK und EUR und kann mit wenigen Klicks \u00fcber Ihre Online-Quittung am Veranstaltungsort, \u00fcber NFCtron Tickets oder \u00fcber die NFCtron Mobile App beantragt werden. Das Geld wird Ihnen innerhalb von 14 Tagen nach Ende der Veranstaltung auf Ihr Bankkonto zur\u00fcckerstattet. Von Bargeldauszahlungen sehen wir ab.<\/p>\n<p>Sie wissen nicht weiter? Ein <a href=\"https:\/\/support.nfctron.com\/cs\/clanek\/jak-si-vratit-zbyvajici-kredit\">Video-Tutorial<\/a> oder das NFCtron-Supportteam kann Ihnen helfen.<\/p>\n<p>&nbsp;<\/p>\n<h3>WARUM KANN ICH AM VERANSTALTUNGSORT NICHT \u00dcBERALL MIT KARTE BEZAHLEN?<\/h3>\n<p>Chip-Guthaben k\u00f6nnen an Aufladestellen per Kreditkarte aufgeladen werden. F\u00fcr die einzelnen Verkaufsstellen ist die Bereitstellung der Netzinfrastruktur f\u00fcr Kartenzahlungen zu kostspielig, und wir k\u00f6nnen uns nicht auf das Mobilfunksignal verlassen. Die Kartenzahlung \u00fcber ein Terminal erfordert eine Internet-Kommunikation mit der Bank und insbesondere an Standorten mit hohem Bezahlvolumen w\u00fcrde jeder Bezahlvorgang zur Tortur werden. Dank der Chipzahlung k\u00f6nnen wir garantieren, dass es zu keinen Ausf\u00e4llen kommt und alles auch ohne Zugang zum Mobilfunknetz funktioniert.<\/p>\n<p>&nbsp;<\/p>\n","protected":false},"excerpt":{"rendered":"<p>Das Mighty Sounds Festival wird auch dieses Jahr wieder bargeldlos sein. Lassen Sie ihr Portemonnaie zu Hause, s\u00e4mtliche Bezahlvorg\u00e4nge laufen auf unserer Veranstaltung per NFC-Chip&#8230;<\/p>\n","protected":false},"author":2,"featured_media":17095,"parent":0,"menu_order":0,"comment_status":"closed","ping_status":"closed","template":"","meta":{"footnotes":""},"class_list":["post-17111","page","type-page","status-publish","has-post-thumbnail","hentry"],"yoast_head":"<!-- This site is optimized with the Yoast SEO plugin v26.0 - https:\/\/yoast.com\/wordpress\/plugins\/seo\/ -->\n<title>Cashless | Mighty Sounds<\/title>\n<meta name=\"robots\" content=\"index, follow, max-snippet:-1, max-image-preview:large, max-video-preview:-1\" \/>\n<link rel=\"canonical\" href=\"https:\/\/www.mightysounds.cz\/de\/cashless\/\" \/>\n<meta property=\"og:locale\" content=\"de_DE\" \/>\n<meta property=\"og:type\" content=\"article\" \/>\n<meta property=\"og:title\" content=\"Cashless | Mighty Sounds\" \/>\n<meta property=\"og:description\" content=\"Das Mighty Sounds Festival wird auch dieses Jahr wieder bargeldlos sein. Lassen Sie ihr Portemonnaie zu Hause, s\u00e4mtliche Bezahlvorg\u00e4nge laufen auf unserer Veranstaltung per NFC-Chip...\" \/>\n<meta property=\"og:url\" content=\"https:\/\/www.mightysounds.cz\/de\/cashless\/\" \/>\n<meta property=\"og:site_name\" content=\"Mighty Sounds\" \/>\n<meta property=\"article:publisher\" content=\"https:\/\/www.facebook.com\/mightysounds\/\" \/>\n<meta property=\"article:modified_time\" content=\"2023-09-20T13:47:32+00:00\" \/>\n<meta property=\"og:image\" content=\"https:\/\/www.mightysounds.cz\/wp-content\/uploads\/2023\/05\/NFCtron2-scaled.jpg\" \/>\n\t<meta property=\"og:image:width\" content=\"2560\" \/>\n\t<meta property=\"og:image:height\" content=\"1707\" \/>\n\t<meta property=\"og:image:type\" content=\"image\/jpeg\" \/>\n<meta name=\"twitter:card\" content=\"summary_large_image\" \/>\n<meta name=\"twitter:label1\" content=\"Gesch\u00e4tzte Lesezeit\" \/>\n\t<meta name=\"twitter:data1\" content=\"4\u00a0Minuten\" \/>\n<script type=\"application\/ld+json\" class=\"yoast-schema-graph\">{\"@context\":\"https:\/\/schema.org\",\"@graph\":[{\"@type\":\"WebPage\",\"@id\":\"https:\/\/www.mightysounds.cz\/de\/cashless\/\",\"url\":\"https:\/\/www.mightysounds.cz\/de\/cashless\/\",\"name\":\"Cashless | Mighty Sounds\",\"isPartOf\":{\"@id\":\"https:\/\/mightysounds.cz\/#website\"},\"primaryImageOfPage\":{\"@id\":\"https:\/\/www.mightysounds.cz\/de\/cashless\/#primaryimage\"},\"image\":{\"@id\":\"https:\/\/www.mightysounds.cz\/de\/cashless\/#primaryimage\"},\"thumbnailUrl\":\"https:\/\/www.mightysounds.cz\/wp-content\/uploads\/2023\/05\/NFCtron2-scaled.jpg\",\"datePublished\":\"2023-05-22T07:17:41+00:00\",\"dateModified\":\"2023-09-20T13:47:32+00:00\",\"inLanguage\":\"de\",\"potentialAction\":[{\"@type\":\"ReadAction\",\"target\":[\"https:\/\/www.mightysounds.cz\/de\/cashless\/\"]}]},{\"@type\":\"ImageObject\",\"inLanguage\":\"de\",\"@id\":\"https:\/\/www.mightysounds.cz\/de\/cashless\/#primaryimage\",\"url\":\"https:\/\/www.mightysounds.cz\/wp-content\/uploads\/2023\/05\/NFCtron2-scaled.jpg\",\"contentUrl\":\"https:\/\/www.mightysounds.cz\/wp-content\/uploads\/2023\/05\/NFCtron2-scaled.jpg\",\"width\":2560,\"height\":1707},{\"@type\":\"WebSite\",\"@id\":\"https:\/\/mightysounds.cz\/#website\",\"url\":\"https:\/\/mightysounds.cz\/\",\"name\":\"Mighty Sounds\",\"description\":\"Premium selection of punk &amp; hardcore &amp; ska in the heart of Europe!\",\"publisher\":{\"@id\":\"https:\/\/mightysounds.cz\/#organization\"},\"potentialAction\":[{\"@type\":\"SearchAction\",\"target\":{\"@type\":\"EntryPoint\",\"urlTemplate\":\"https:\/\/mightysounds.cz\/?s={search_term_string}\"},\"query-input\":{\"@type\":\"PropertyValueSpecification\",\"valueRequired\":true,\"valueName\":\"search_term_string\"}}],\"inLanguage\":\"de\"},{\"@type\":\"Organization\",\"@id\":\"https:\/\/mightysounds.cz\/#organization\",\"name\":\"Mighty Sounds\",\"url\":\"https:\/\/mightysounds.cz\/\",\"logo\":{\"@type\":\"ImageObject\",\"inLanguage\":\"de\",\"@id\":\"https:\/\/mightysounds.cz\/#\/schema\/logo\/image\/\",\"url\":\"https:\/\/www.mightysounds.cz\/wp-content\/uploads\/2025\/08\/cropped-logo-2.png\",\"contentUrl\":\"https:\/\/www.mightysounds.cz\/wp-content\/uploads\/2025\/08\/cropped-logo-2.png\",\"width\":932,\"height\":571,\"caption\":\"Mighty Sounds\"},\"image\":{\"@id\":\"https:\/\/mightysounds.cz\/#\/schema\/logo\/image\/\"},\"sameAs\":[\"https:\/\/www.facebook.com\/mightysounds\/\"]}]}<\/script>\n<!-- \/ Yoast SEO plugin. -->","yoast_head_json":{"title":"Cashless | Mighty Sounds","robots":{"index":"index","follow":"follow","max-snippet":"max-snippet:-1","max-image-preview":"max-image-preview:large","max-video-preview":"max-video-preview:-1"},"canonical":"https:\/\/www.mightysounds.cz\/de\/cashless\/","og_locale":"de_DE","og_type":"article","og_title":"Cashless | Mighty Sounds","og_description":"Das Mighty Sounds Festival wird auch dieses Jahr wieder bargeldlos sein. Lassen Sie ihr Portemonnaie zu Hause, s\u00e4mtliche Bezahlvorg\u00e4nge laufen auf unserer Veranstaltung per NFC-Chip...","og_url":"https:\/\/www.mightysounds.cz\/de\/cashless\/","og_site_name":"Mighty Sounds","article_publisher":"https:\/\/www.facebook.com\/mightysounds\/","article_modified_time":"2023-09-20T13:47:32+00:00","og_image":[{"width":2560,"height":1707,"url":"https:\/\/www.mightysounds.cz\/wp-content\/uploads\/2023\/05\/NFCtron2-scaled.jpg","type":"image\/jpeg"}],"twitter_card":"summary_large_image","twitter_misc":{"Gesch\u00e4tzte Lesezeit":"4\u00a0Minuten"},"schema":{"@context":"https:\/\/schema.org","@graph":[{"@type":"WebPage","@id":"https:\/\/www.mightysounds.cz\/de\/cashless\/","url":"https:\/\/www.mightysounds.cz\/de\/cashless\/","name":"Cashless | Mighty Sounds","isPartOf":{"@id":"https:\/\/mightysounds.cz\/#website"},"primaryImageOfPage":{"@id":"https:\/\/www.mightysounds.cz\/de\/cashless\/#primaryimage"},"image":{"@id":"https:\/\/www.mightysounds.cz\/de\/cashless\/#primaryimage"},"thumbnailUrl":"https:\/\/www.mightysounds.cz\/wp-content\/uploads\/2023\/05\/NFCtron2-scaled.jpg","datePublished":"2023-05-22T07:17:41+00:00","dateModified":"2023-09-20T13:47:32+00:00","inLanguage":"de","potentialAction":[{"@type":"ReadAction","target":["https:\/\/www.mightysounds.cz\/de\/cashless\/"]}]},{"@type":"ImageObject","inLanguage":"de","@id":"https:\/\/www.mightysounds.cz\/de\/cashless\/#primaryimage","url":"https:\/\/www.mightysounds.cz\/wp-content\/uploads\/2023\/05\/NFCtron2-scaled.jpg","contentUrl":"https:\/\/www.mightysounds.cz\/wp-content\/uploads\/2023\/05\/NFCtron2-scaled.jpg","width":2560,"height":1707},{"@type":"WebSite","@id":"https:\/\/mightysounds.cz\/#website","url":"https:\/\/mightysounds.cz\/","name":"Mighty Sounds","description":"Premium selection of punk &amp; hardcore &amp; ska in the heart of Europe!","publisher":{"@id":"https:\/\/mightysounds.cz\/#organization"},"potentialAction":[{"@type":"SearchAction","target":{"@type":"EntryPoint","urlTemplate":"https:\/\/mightysounds.cz\/?s={search_term_string}"},"query-input":{"@type":"PropertyValueSpecification","valueRequired":true,"valueName":"search_term_string"}}],"inLanguage":"de"},{"@type":"Organization","@id":"https:\/\/mightysounds.cz\/#organization","name":"Mighty Sounds","url":"https:\/\/mightysounds.cz\/","logo":{"@type":"ImageObject","inLanguage":"de","@id":"https:\/\/mightysounds.cz\/#\/schema\/logo\/image\/","url":"https:\/\/www.mightysounds.cz\/wp-content\/uploads\/2025\/08\/cropped-logo-2.png","contentUrl":"https:\/\/www.mightysounds.cz\/wp-content\/uploads\/2025\/08\/cropped-logo-2.png","width":932,"height":571,"caption":"Mighty Sounds"},"image":{"@id":"https:\/\/mightysounds.cz\/#\/schema\/logo\/image\/"},"sameAs":["https:\/\/www.facebook.com\/mightysounds\/"]}]}},"_links":{"self":[{"href":"https:\/\/www.mightysounds.cz\/de\/wp-json\/wp\/v2\/pages\/17111","targetHints":{"allow":["GET"]}}],"collection":[{"href":"https:\/\/www.mightysounds.cz\/de\/wp-json\/wp\/v2\/pages"}],"about":[{"href":"https:\/\/www.mightysounds.cz\/de\/wp-json\/wp\/v2\/types\/page"}],"author":[{"embeddable":true,"href":"https:\/\/www.mightysounds.cz\/de\/wp-json\/wp\/v2\/users\/2"}],"replies":[{"embeddable":true,"href":"https:\/\/www.mightysounds.cz\/de\/wp-json\/wp\/v2\/comments?post=17111"}],"version-history":[{"count":5,"href":"https:\/\/www.mightysounds.cz\/de\/wp-json\/wp\/v2\/pages\/17111\/revisions"}],"predecessor-version":[{"id":17585,"href":"https:\/\/www.mightysounds.cz\/de\/wp-json\/wp\/v2\/pages\/17111\/revisions\/17585"}],"wp:featuredmedia":[{"embeddable":true,"href":"https:\/\/www.mightysounds.cz\/de\/wp-json\/wp\/v2\/media\/17095"}],"wp:attachment":[{"href":"https:\/\/www.mightysounds.cz\/de\/wp-json\/wp\/v2\/media?parent=17111"}],"curies":[{"name":"wp","href":"https:\/\/api.w.org\/{rel}","templated":true}]}}