{"id":16986,"date":"2017-02-27T16:07:13","date_gmt":"2017-02-27T15:07:13","guid":{"rendered":"https:\/\/www.mightysounds.cz\/aftermovies\/"},"modified":"2023-04-16T21:05:15","modified_gmt":"2023-04-16T19:05:15","slug":"aftermovies","status":"publish","type":"page","link":"https:\/\/www.mightysounds.cz\/de\/aftermovies\/","title":{"rendered":"Aftermovies"},"content":{"rendered":"<p>Checkujte seznam v\u0161ech Mighty vide\u00ed z festivalu. Jak ofici\u00e1ln\u00ed after movie, tak i souhrn jednotliv\u00fdch dn\u00ed. Chcete vid\u011bt v\u00edce vide\u00ed? Sledujte <\/p>\n<h2>MIGHTY SOUNDS 2023<\/h2>\n<h3>Mighty Sounds 2023 Trailer<\/h3>\n<p>[iframe src=&#8220;https:\/\/www.youtube.com\/embed\/JVHs4nhW3SE&#8220; width=&#8220;100%&#8220; height=&#8220;400px;&#8220; allowfullscreen=&#8220;&#8220; webkitallowfullscreen=&#8220;&#8220; mozallowfullscreen=&#8220;&#8220; msallowfullscreen=&#8220;&#8220;]<br \/>\n&nbsp;<\/p>\n<h2>MIGHTY SOUNDS 2022<\/h2>\n<h3>Official Aftermovie<\/h3>\n<p>[iframe src=&#8220;https:\/\/www.youtube.com\/embed\/4aiLCjfV7hQ&#8220; width=&#8220;100%&#8220; height=&#8220;400px;&#8220; allowfullscreen=&#8220;&#8220; webkitallowfullscreen=&#8220;&#8220; mozallowfullscreen=&#8220;&#8220; msallowfullscreen=&#8220;&#8220;]<br \/>\n&nbsp;<\/p>\n<h2>MIGHTY SOUNDS 2019<\/h2>\n<h3>Official Aftermovie<\/h3>\n<p>[iframe src=&#8220;https:\/\/www.youtube.com\/embed\/M4xthwD8720&#8243; width=&#8220;100%&#8220; height=&#8220;400px;&#8220; allowfullscreen=&#8220;&#8220; webkitallowfullscreen=&#8220;&#8220; mozallowfullscreen=&#8220;&#8220; msallowfullscreen=&#8220;&#8220;]<br \/>\n&nbsp;<\/p>\n<h2>MIGHTY SOUNDS 2018<\/h2>\n<h3>Official Aftermovie<\/h3>\n<p>[iframe src=&#8220;https:\/\/www.youtube.com\/embed\/y57kb6ht4NQ&#8220; width=&#8220;100%&#8220; height=&#8220;400px;&#8220; allowfullscreen=&#8220;&#8220; webkitallowfullscreen=&#8220;&#8220; mozallowfullscreen=&#8220;&#8220; msallowfullscreen=&#8220;&#8220;]<br \/>\n&nbsp;<\/p>\n<h2>MIGHTY SOUNDS 2017<\/h2>\n<h3>Official Aftermovie<\/h3>\n<p>[iframe src=&#8220;https:\/\/www.youtube.com\/embed\/m75Ca_pm0PM&#8220; width=&#8220;100%&#8220; height=&#8220;400px;&#8220; allowfullscreen=&#8220;&#8220; webkitallowfullscreen=&#8220;&#8220; mozallowfullscreen=&#8220;&#8220; msallowfullscreen=&#8220;&#8220;]<br \/>\n&nbsp;<\/p>\n<h2>MIGHTY SOUNDS 2016<\/h2>\n<h3>Official Aftermovie<\/h3>\n<p>[iframe src=&#8220;https:\/\/www.youtube.com\/embed\/9xhl4ludkTY&#8220; width=&#8220;100%&#8220; height=&#8220;400px;&#8220; allowfullscreen=&#8220;&#8220; webkitallowfullscreen=&#8220;&#8220; mozallowfullscreen=&#8220;&#8220; msallowfullscreen=&#8220;&#8220;]<\/p>\n<h3>P\u00e1tek\/Friday 22. 7. 2016<\/h3>\n<p>[iframe src=&#8220;https:\/\/www.youtube.com\/embed\/kEyPdS05PdA&#8220; width=&#8220;100%&#8220; height=&#8220;400px;&#8220; allowfullscreen=&#8220;&#8220; webkitallowfullscreen=&#8220;&#8220; mozallowfullscreen=&#8220;&#8220; msallowfullscreen=&#8220;&#8220;]<\/p>\n<h2><\/h2>\n<h2>MIGHTY SOUNDS 2015<\/h2>\n<h3>Official Aftermovie<\/h3>\n<p>[iframe src=&#8220;https:\/\/www.youtube.com\/embed\/aueTutyB-AM&#8220; width=&#8220;100%&#8220; height=&#8220;400px;&#8220; allowfullscreen=&#8220;&#8220; webkitallowfullscreen=&#8220;&#8220; mozallowfullscreen=&#8220;&#8220; msallowfullscreen=&#8220;&#8220;]<\/p>\n<h3>Ned\u011ble\/Sunday 5. 7.<\/h3>\n<p>[iframe src=&#8220;https:\/\/www.youtube.com\/embed\/98CtALOI2Qg&#8220; width=&#8220;100%&#8220; height=&#8220;400px;&#8220; allowfullscreen=&#8220;&#8220; webkitallowfullscreen=&#8220;&#8220; mozallowfullscreen=&#8220;&#8220; msallowfullscreen=&#8220;&#8220;]<\/p>\n<h3>Sobota\/Saturday 4. 7.<\/h3>\n<p>[iframe src=&#8220;https:\/\/www.youtube.com\/embed\/u8nD14qcano&#8220; width=&#8220;100%&#8220; height=&#8220;400px;&#8220; allowfullscreen=&#8220;&#8220; webkitallowfullscreen=&#8220;&#8220; mozallowfullscreen=&#8220;&#8220; msallowfullscreen=&#8220;&#8220;]<\/p>\n<h3>P\u00e1tek\/Friday 3. 7.<\/h3>\n<p>[iframe src=&#8220;https:\/\/www.youtube.com\/embed\/Bxn7t2vl3DM&#8220; width=&#8220;100%&#8220; height=&#8220;400px;&#8220; allowfullscreen=&#8220;&#8220; webkitallowfullscreen=&#8220;&#8220; mozallowfullscreen=&#8220;&#8220; msallowfullscreen=&#8220;&#8220;]<\/p>\n<h3>St\u0159eda\/Wednesday (With Tony)<\/h3>\n<p>[iframe src=&#8220;https:\/\/www.youtube.com\/embed\/1ILd7mWdcjo&#8220; width=&#8220;100%&#8220; height=&#8220;400px;&#8220; allowfullscreen=&#8220;&#8220; webkitallowfullscreen=&#8220;&#8220; mozallowfullscreen=&#8220;&#8220; msallowfullscreen=&#8220;&#8220;]<\/p>\n<h2><\/h2>\n<h2>MIGHTY SOUNDS 2014<\/h2>\n<h3>Official Aftermovie<\/h3>\n<p>[iframe src=&#8220;https:\/\/www.youtube.com\/embed\/uZ3OwRde0to&#8220; width=&#8220;100%&#8220; height=&#8220;400px;&#8220; allowfullscreen=&#8220;&#8220; webkitallowfullscreen=&#8220;&#8220; mozallowfullscreen=&#8220;&#8220; msallowfullscreen=&#8220;&#8220;]<\/p>\n<h3>Ned\u011ble\/Sunday 13. 7. 2014<\/h3>\n<p>[iframe src=&#8220;https:\/\/www.youtube.com\/embed\/uXUAhgRoJNs&#8220; width=&#8220;100%&#8220; height=&#8220;400px;&#8220; allowfullscreen=&#8220;&#8220; webkitallowfullscreen=&#8220;&#8220; mozallowfullscreen=&#8220;&#8220; msallowfullscreen=&#8220;&#8220;]<\/p>\n<h3>Sobota\/Saturday 12. 7. 2014<\/h3>\n<p>[iframe src=&#8220;https:\/\/www.youtube.com\/embed\/sPzwIy_yuXg&#8220; width=&#8220;100%&#8220; height=&#8220;400px;&#8220; allowfullscreen=&#8220;&#8220; webkitallowfullscreen=&#8220;&#8220; mozallowfullscreen=&#8220;&#8220; msallowfullscreen=&#8220;&#8220;]<\/p>\n<h3>Friday\/P\u00e1tek 11. 7. 2014<\/h3>\n<p>[iframe src=&#8220;https:\/\/www.youtube.com\/embed\/krUfazeF61M&#8220; width=&#8220;100%&#8220; height=&#8220;400px;&#8220; allowfullscreen=&#8220;&#8220; webkitallowfullscreen=&#8220;&#8220; mozallowfullscreen=&#8220;&#8220; msallowfullscreen=&#8220;&#8220;]<\/p>\n<h3>Thursday\/\u010ctvrtek 10. 7. 2014<\/h3>\n<p>[iframe src=&#8220;https:\/\/www.youtube.com\/embed\/UpzAnrjBPnA&#8220; width=&#8220;100%&#8220; height=&#8220;400px;&#8220; allowfullscreen=&#8220;&#8220; webkitallowfullscreen=&#8220;&#8220; mozallowfullscreen=&#8220;&#8220; msallowfullscreen=&#8220;&#8220;]<\/p>\n<h2><\/h2>\n<h2>MIGHTY SOUNDS 2013<\/h2>\n<h3>Official Aftermovie<\/h3>\n<p>[iframe src=&#8220;https:\/\/www.youtube.com\/embed\/8XH2Qv2hxDo&#8220; width=&#8220;100%&#8220; height=&#8220;400px;&#8220; allowfullscreen=&#8220;&#8220; webkitallowfullscreen=&#8220;&#8220; mozallowfullscreen=&#8220;&#8220; msallowfullscreen=&#8220;&#8220;]<\/p>\n<h3>Ned\u011ble\/Sunday 21.07.2013<\/h3>\n<p>[iframe src=&#8220;https:\/\/www.youtube.com\/embed\/lTBnQ28F_dQ&#8220; width=&#8220;100%&#8220; height=&#8220;400px;&#8220; allowfullscreen=&#8220;&#8220; webkitallowfullscreen=&#8220;&#8220; mozallowfullscreen=&#8220;&#8220; msallowfullscreen=&#8220;&#8220;]<\/p>\n<h3>Sobota\/Saturday 20.07.2013<\/h3>\n<p>[iframe src=&#8220;https:\/\/www.youtube.com\/embed\/sPzwIy_yuXg&#8220; width=&#8220;100%&#8220; height=&#8220;400px;&#8220; allowfullscreen=&#8220;&#8220; webkitallowfullscreen=&#8220;&#8220; mozallowfullscreen=&#8220;&#8220; msallowfullscreen=&#8220;&#8220;]<\/p>\n<h3>P\u00e1tek\/Friday 19.07.2013<\/h3>\n<p>[iframe src=&#8220;https:\/\/www.youtube.com\/embed\/oU958dgInIU&#8220; width=&#8220;100%&#8220; height=&#8220;400px;&#8220; allowfullscreen=&#8220;&#8220; webkitallowfullscreen=&#8220;&#8220; mozallowfullscreen=&#8220;&#8220; msallowfullscreen=&#8220;&#8220;]<\/p>\n<h3>\u010ctvrtek\/Thursday 18.07.2013<\/h3>\n<p>[iframe src=&#8220;https:\/\/www.youtube.com\/embed\/f62mVQWsoFo&#8220; width=&#8220;100%&#8220; height=&#8220;400px;&#8220; allowfullscreen=&#8220;&#8220; webkitallowfullscreen=&#8220;&#8220; mozallowfullscreen=&#8220;&#8220; msallowfullscreen=&#8220;&#8220;]<\/p>\n<h2><\/h2>\n<h2>MIGHTY SOUNDS 2012<\/h2>\n<h3>Official Aftermovie<\/h3>\n<p>[iframe src=&#8220;https:\/\/www.youtube.com\/embed\/_v9_crHr1K0&#8243; width=&#8220;100%&#8220; height=&#8220;400px;&#8220; allowfullscreen=&#8220;&#8220; webkitallowfullscreen=&#8220;&#8220; mozallowfullscreen=&#8220;&#8220; msallowfullscreen=&#8220;&#8220;]<\/p>\n","protected":false},"excerpt":{"rendered":"<p>Checkujte seznam v\u0161ech Mighty vide\u00ed z festivalu. Jak ofici\u00e1ln\u00ed after movie, tak i souhrn jednotliv\u00fdch dn\u00ed. Chcete vid\u011bt v\u00edce vide\u00ed? Sledujte MIGHTY SOUNDS 2023 Mighty&#8230;<\/p>\n","protected":false},"author":1,"featured_media":0,"parent":0,"menu_order":0,"comment_status":"closed","ping_status":"closed","template":"","meta":{"footnotes":""},"class_list":["post-16986","page","type-page","status-publish","hentry"],"yoast_head":"<!-- This site is optimized with the Yoast SEO plugin v26.0 - https:\/\/yoast.com\/wordpress\/plugins\/seo\/ -->\n<title>Aftermovies | Mighty Sounds<\/title>\n<meta name=\"robots\" content=\"index, follow, max-snippet:-1, max-image-preview:large, max-video-preview:-1\" \/>\n<link rel=\"canonical\" href=\"https:\/\/www.mightysounds.cz\/de\/aftermovies\/\" \/>\n<meta property=\"og:locale\" content=\"de_DE\" \/>\n<meta property=\"og:type\" content=\"article\" \/>\n<meta property=\"og:title\" content=\"Aftermovies | Mighty Sounds\" \/>\n<meta property=\"og:description\" content=\"Checkujte seznam v\u0161ech Mighty vide\u00ed z festivalu. Jak ofici\u00e1ln\u00ed after movie, tak i souhrn jednotliv\u00fdch dn\u00ed. Chcete vid\u011bt v\u00edce vide\u00ed? Sledujte MIGHTY SOUNDS 2023 Mighty...\" \/>\n<meta property=\"og:url\" content=\"https:\/\/www.mightysounds.cz\/de\/aftermovies\/\" \/>\n<meta property=\"og:site_name\" content=\"Mighty Sounds\" \/>\n<meta property=\"article:publisher\" content=\"https:\/\/www.facebook.com\/mightysounds\/\" \/>\n<meta property=\"article:modified_time\" content=\"2023-04-16T19:05:15+00:00\" \/>\n<meta property=\"og:image\" content=\"https:\/\/www.mightysounds.cz\/wp-content\/uploads\/2024\/08\/Web-zahlavi-provizorni-logo.png\" \/>\n\t<meta property=\"og:image:width\" content=\"452\" \/>\n\t<meta property=\"og:image:height\" content=\"257\" \/>\n\t<meta property=\"og:image:type\" content=\"image\/png\" \/>\n<meta name=\"twitter:card\" content=\"summary_large_image\" \/>\n<meta name=\"twitter:label1\" content=\"Gesch\u00e4tzte Lesezeit\" \/>\n\t<meta name=\"twitter:data1\" content=\"2\u00a0Minuten\" \/>\n<script type=\"application\/ld+json\" class=\"yoast-schema-graph\">{\"@context\":\"https:\/\/schema.org\",\"@graph\":[{\"@type\":\"WebPage\",\"@id\":\"https:\/\/www.mightysounds.cz\/de\/aftermovies\/\",\"url\":\"https:\/\/www.mightysounds.cz\/de\/aftermovies\/\",\"name\":\"Aftermovies | Mighty Sounds\",\"isPartOf\":{\"@id\":\"https:\/\/mightysounds.cz\/#website\"},\"datePublished\":\"2017-02-27T15:07:13+00:00\",\"dateModified\":\"2023-04-16T19:05:15+00:00\",\"inLanguage\":\"de\",\"potentialAction\":[{\"@type\":\"ReadAction\",\"target\":[\"https:\/\/www.mightysounds.cz\/de\/aftermovies\/\"]}]},{\"@type\":\"WebSite\",\"@id\":\"https:\/\/mightysounds.cz\/#website\",\"url\":\"https:\/\/mightysounds.cz\/\",\"name\":\"Mighty Sounds\",\"description\":\"Premium selection of punk &amp; hardcore &amp; ska in the heart of Europe!\",\"publisher\":{\"@id\":\"https:\/\/mightysounds.cz\/#organization\"},\"potentialAction\":[{\"@type\":\"SearchAction\",\"target\":{\"@type\":\"EntryPoint\",\"urlTemplate\":\"https:\/\/mightysounds.cz\/?s={search_term_string}\"},\"query-input\":{\"@type\":\"PropertyValueSpecification\",\"valueRequired\":true,\"valueName\":\"search_term_string\"}}],\"inLanguage\":\"de\"},{\"@type\":\"Organization\",\"@id\":\"https:\/\/mightysounds.cz\/#organization\",\"name\":\"Mighty Sounds\",\"url\":\"https:\/\/mightysounds.cz\/\",\"logo\":{\"@type\":\"ImageObject\",\"inLanguage\":\"de\",\"@id\":\"https:\/\/mightysounds.cz\/#\/schema\/logo\/image\/\",\"url\":\"https:\/\/www.mightysounds.cz\/wp-content\/uploads\/2025\/08\/cropped-logo-2.png\",\"contentUrl\":\"https:\/\/www.mightysounds.cz\/wp-content\/uploads\/2025\/08\/cropped-logo-2.png\",\"width\":932,\"height\":571,\"caption\":\"Mighty Sounds\"},\"image\":{\"@id\":\"https:\/\/mightysounds.cz\/#\/schema\/logo\/image\/\"},\"sameAs\":[\"https:\/\/www.facebook.com\/mightysounds\/\"]}]}<\/script>\n<!-- \/ Yoast SEO plugin. -->","yoast_head_json":{"title":"Aftermovies | Mighty Sounds","robots":{"index":"index","follow":"follow","max-snippet":"max-snippet:-1","max-image-preview":"max-image-preview:large","max-video-preview":"max-video-preview:-1"},"canonical":"https:\/\/www.mightysounds.cz\/de\/aftermovies\/","og_locale":"de_DE","og_type":"article","og_title":"Aftermovies | Mighty Sounds","og_description":"Checkujte seznam v\u0161ech Mighty vide\u00ed z festivalu. Jak ofici\u00e1ln\u00ed after movie, tak i souhrn jednotliv\u00fdch dn\u00ed. Chcete vid\u011bt v\u00edce vide\u00ed? Sledujte MIGHTY SOUNDS 2023 Mighty...","og_url":"https:\/\/www.mightysounds.cz\/de\/aftermovies\/","og_site_name":"Mighty Sounds","article_publisher":"https:\/\/www.facebook.com\/mightysounds\/","article_modified_time":"2023-04-16T19:05:15+00:00","og_image":[{"width":452,"height":257,"url":"https:\/\/www.mightysounds.cz\/wp-content\/uploads\/2024\/08\/Web-zahlavi-provizorni-logo.png","type":"image\/png"}],"twitter_card":"summary_large_image","twitter_misc":{"Gesch\u00e4tzte Lesezeit":"2\u00a0Minuten"},"schema":{"@context":"https:\/\/schema.org","@graph":[{"@type":"WebPage","@id":"https:\/\/www.mightysounds.cz\/de\/aftermovies\/","url":"https:\/\/www.mightysounds.cz\/de\/aftermovies\/","name":"Aftermovies | Mighty Sounds","isPartOf":{"@id":"https:\/\/mightysounds.cz\/#website"},"datePublished":"2017-02-27T15:07:13+00:00","dateModified":"2023-04-16T19:05:15+00:00","inLanguage":"de","potentialAction":[{"@type":"ReadAction","target":["https:\/\/www.mightysounds.cz\/de\/aftermovies\/"]}]},{"@type":"WebSite","@id":"https:\/\/mightysounds.cz\/#website","url":"https:\/\/mightysounds.cz\/","name":"Mighty Sounds","description":"Premium selection of punk &amp; hardcore &amp; ska in the heart of Europe!","publisher":{"@id":"https:\/\/mightysounds.cz\/#organization"},"potentialAction":[{"@type":"SearchAction","target":{"@type":"EntryPoint","urlTemplate":"https:\/\/mightysounds.cz\/?s={search_term_string}"},"query-input":{"@type":"PropertyValueSpecification","valueRequired":true,"valueName":"search_term_string"}}],"inLanguage":"de"},{"@type":"Organization","@id":"https:\/\/mightysounds.cz\/#organization","name":"Mighty Sounds","url":"https:\/\/mightysounds.cz\/","logo":{"@type":"ImageObject","inLanguage":"de","@id":"https:\/\/mightysounds.cz\/#\/schema\/logo\/image\/","url":"https:\/\/www.mightysounds.cz\/wp-content\/uploads\/2025\/08\/cropped-logo-2.png","contentUrl":"https:\/\/www.mightysounds.cz\/wp-content\/uploads\/2025\/08\/cropped-logo-2.png","width":932,"height":571,"caption":"Mighty Sounds"},"image":{"@id":"https:\/\/mightysounds.cz\/#\/schema\/logo\/image\/"},"sameAs":["https:\/\/www.facebook.com\/mightysounds\/"]}]}},"_links":{"self":[{"href":"https:\/\/www.mightysounds.cz\/de\/wp-json\/wp\/v2\/pages\/16986","targetHints":{"allow":["GET"]}}],"collection":[{"href":"https:\/\/www.mightysounds.cz\/de\/wp-json\/wp\/v2\/pages"}],"about":[{"href":"https:\/\/www.mightysounds.cz\/de\/wp-json\/wp\/v2\/types\/page"}],"author":[{"embeddable":true,"href":"https:\/\/www.mightysounds.cz\/de\/wp-json\/wp\/v2\/users\/1"}],"replies":[{"embeddable":true,"href":"https:\/\/www.mightysounds.cz\/de\/wp-json\/wp\/v2\/comments?post=16986"}],"version-history":[{"count":2,"href":"https:\/\/www.mightysounds.cz\/de\/wp-json\/wp\/v2\/pages\/16986\/revisions"}],"predecessor-version":[{"id":16996,"href":"https:\/\/www.mightysounds.cz\/de\/wp-json\/wp\/v2\/pages\/16986\/revisions\/16996"}],"wp:attachment":[{"href":"https:\/\/www.mightysounds.cz\/de\/wp-json\/wp\/v2\/media?parent=16986"}],"curies":[{"name":"wp","href":"https:\/\/api.w.org\/{rel}","templated":true}]}}